{"id":10707,"date":"2023-10-18T10:24:57","date_gmt":"2023-10-18T08:24:57","guid":{"rendered":"https:\/\/albaicin.fr\/?page_id=10707"},"modified":"2025-07-22T17:33:18","modified_gmt":"2025-07-22T15:33:18","slug":"mixte","status":"publish","type":"page","link":"https:\/\/albaicin.fr\/index.php\/mixte\/","title":{"rendered":"Petite sacoche mixte"},"content":{"rendered":"<div class=\"wpb-content-wrapper\">[vc_row][vc_column][\/vc_column][\/vc_row][vc_section][\/vc_section][vc_row gap=\u00a0\u00bb4&Prime;][vc_column width=\u00a0\u00bb1\/2&Prime;][vc_media_grid gap=\u00a0\u00bb20&Prime; css=\u00a0\u00bb\u00a0\u00bb grid_id=\u00a0\u00bbvc_gid:1753198080676-bf2334c5-c295-10&Prime; include=\u00a0\u00bb10734,10735,10736,10737,10709,10710,10708,10725,10727,10726,10711,10712,10718,10717,10715,10716,10719,10720,10721,10722,10723,10724,10728,10729,10730,10731,10713,10714,10732,10733,11591&Prime;][\/vc_column][vc_column width=\u00a0\u00bb1\/2&Prime;][vc_separator color=\u00a0\u00bbcustom\u00a0\u00bb css=\u00a0\u00bb\u00a0\u00bb accent_color=\u00a0\u00bb#811013&Prime;][vc_column_text css=\u00a0\u00bb\u00a0\u00bb]\n<h4 style=\"text-align: justify;\"><span style=\"color: #811013;\">Petite Sacoche Mixte dite PSM pour elle et pour lui<\/span><\/h4>\n<p style=\"text-align: justify;\">La sacoche l\u00e9g\u00e8re, pleine de poches !<\/p>\n<p>Deux couleurs sont associ\u00e9es pour dynamiser l&rsquo;ensemble.<\/p>\n<p>La fermeture est s\u00e9curis\u00e9e gr\u00e2ce \u00e0 son fermoir Loxx (made in Germany)<\/p>\n<p style=\"text-align: justify;\">La bandouli\u00e8re est d\u00e9tachable et r\u00e9glable.<\/p>\n<p>La PSM permet d&#8217;embarquer l&rsquo;essentiel en toute s\u00e9curit\u00e9.<\/p>\n<p style=\"text-align: justify;\">Il est possible de vous accompagner dans votre choix d&rsquo;associations de couleurs et de <a href=\"https:\/\/albaicin.fr\/index.php\/creations-marches\/\">commander<\/a> la sacoche de vos r\u00eaves.<\/p>\n[\/vc_column_text][vc_separator color=\u00a0\u00bbcustom\u00a0\u00bb border_width=\u00a0\u00bb2&Prime; accent_color=\u00a0\u00bb#811013&Prime;][vc_column_text css=\u00a0\u00bb\u00a0\u00bb]\n<h4><span style=\"color: #811013;\">D\u00e9tails PSM :<\/span><\/h4>\n<p><strong>Dimensions<\/strong> : Larg 14 x 20 cm haut \u2013 Epaisseur 5 cm<\/p>\n<p><strong>Fermeture<\/strong> par bouton Loxx s\u00e9curis\u00e9<\/p>\n<p><strong>Poches suppl\u00e9mentaires :\u00a0<\/strong>une plaqu\u00e9e \u00e0 l\u2019int\u00e9rieur et \u00e0 l&rsquo;ext\u00e9rieur<\/p>\n<p><strong>Bandouli\u00e8re<\/strong> en textile \u00e9pais r\u00e9glable \u2013 Long 1,50 m\u00e8tre<\/p>\n<ul>\n<li>mousquetons en m\u00e9tal<\/li>\n<li>passants en cuir cousu<\/li>\n<\/ul>\n<p><strong>Mati\u00e8re du sac<\/strong> : cuir de bovin pleine fleur ou nubuck\u00e9 (vachette ou veau) &#8211; Origine fran\u00e7aise et italienne<\/p>\n<p>Conception et montage complet r\u00e9alis\u00e9s dans <a href=\"https:\/\/g.co\/kgs\/5F8KUMY\" target=\"_blank\" rel=\"noopener\">mon atelier de Plomeur (29120)<\/a><\/p>\n<p><a href=\"https:\/\/albaicin.fr\/index.php\/produit\/petite-sacoche-mixte\/\" target=\"_blank\" rel=\"noopener\">Les Petites Sacoches Mixtes en vente dans la boutique en ligne<\/a>[\/vc_column_text][\/vc_column][\/vc_row][vc_row][vc_column][vc_separator color=\u00a0\u00bbcustom\u00a0\u00bb border_width=\u00a0\u00bb2&Prime; accent_color=\u00a0\u00bb#811013&Prime;][\/vc_column][\/vc_row][vc_row content_placement=\u00a0\u00bbmiddle\u00a0\u00bb][vc_column width=\u00a0\u00bb1\/6&Prime;][\/vc_column][vc_column width=\u00a0\u00bb2\/3&Prime;][vc_column_text]\n<p style=\"text-align: center;\">Cr\u00e9ations r\u00e9alis\u00e9es dans des cuirs pleine fleur avec une finition aniline ou semi-aniline ou l\u00e9g\u00e8rement pigment\u00e9e.<\/p>\n<p style=\"text-align: center;\">Afin de limiter les co\u00fbts et privil\u00e9gier le recyclage, de belles chutes de cuir ont \u00e9t\u00e9 utilis\u00e9es.<\/p>\n<p style=\"text-align: center;\">Le grand soin apport\u00e9 aux finitions assure la long\u00e9vit\u00e9 des produits.<\/p>\n<p style=\"text-align: center;\">La plupart des associations \u00e9tant uniques, nos \u00e9ditions sont limit\u00e9es.<\/p>\n[\/vc_column_text][\/vc_column][vc_column width=\u00a0\u00bb1\/6&Prime;][\/vc_column][\/vc_row][vc_row][vc_column][vc_separator color=\u00a0\u00bbcustom\u00a0\u00bb border_width=\u00a0\u00bb2&Prime; accent_color=\u00a0\u00bb#811013&Prime;][\/vc_column][\/vc_row]\n<\/div>","protected":false},"excerpt":{"rendered":"<p>[vc_row][vc_column][\/vc_column][\/vc_row][vc_section][\/vc_section][vc_row gap=\u00a0\u00bb4&Prime;][vc_column width=\u00a0\u00bb1\/2&Prime;][vc_media_grid gap=\u00a0\u00bb20&Prime; css=\u00a0\u00bb\u00a0\u00bb grid_id=\u00a0\u00bbvc_gid:1753198080676-bf2334c5-c295-10&Prime; include=\u00a0\u00bb10734,10735,10736,10737,10709,10710,10708,10725,10727,10726,10711,10712,10718,10717,10715,10716,10719,10720,10721,10722,10723,10724,10728,10729,10730,10731,10713,10714,10732,10733,11591&Prime;][\/vc_column][vc_column width=\u00a0\u00bb1\/2&Prime;][vc_separator color=\u00a0\u00bbcustom\u00a0\u00bb css=\u00a0\u00bb\u00a0\u00bb accent_color=\u00a0\u00bb#811013&Prime;][vc_column_text css=\u00a0\u00bb\u00a0\u00bb] Petite Sacoche Mixte dite PSM pour elle et pour lui La sacoche l\u00e9g\u00e8re, pleine de poches ! Deux couleurs sont associ\u00e9es pour dynamiser l&rsquo;ensemble. La fermeture est s\u00e9curis\u00e9e &hellip; <a class=\"kt-excerpt-readmore\" href=\"https:\/\/albaicin.fr\/index.php\/mixte\/\" aria-label=\"Petite sacoche mixte\">Lire plus<\/a><\/p>\n","protected":false},"author":1,"featured_media":10738,"parent":0,"menu_order":0,"comment_status":"closed","ping_status":"closed","template":"","meta":{"footnotes":""},"class_list":["post-10707","page","type-page","status-publish","has-post-thumbnail","hentry"],"yoast_head":"<!-- This site is optimized with the Yoast SEO plugin v27.4 - https:\/\/yoast.com\/product\/yoast-seo-wordpress\/ -->\n<title>Sacoche mixte avec fermoirs Loxx<\/title>\n<meta name=\"description\" content=\"Cette petite sacoche mixte avec fermoirs Loxx s\u00e9curis\u00e9 plait autant aux femmes qu&#039;aux hommes. Pratique et ravissante !\" \/>\n<meta name=\"robots\" content=\"index, follow, max-snippet:-1, max-image-preview:large, max-video-preview:-1\" \/>\n<link rel=\"canonical\" href=\"https:\/\/albaicin.fr\/index.php\/mixte\/\" \/>\n<meta property=\"og:locale\" content=\"fr_FR\" \/>\n<meta property=\"og:type\" content=\"article\" \/>\n<meta property=\"og:title\" content=\"Sacoche mixte avec fermoirs Loxx\" \/>\n<meta property=\"og:description\" content=\"Cette petite sacoche mixte avec fermoirs Loxx s\u00e9curis\u00e9 plait autant aux femmes qu&#039;aux hommes. Pratique et ravissante !\" \/>\n<meta property=\"og:url\" content=\"https:\/\/albaicin.fr\/index.php\/mixte\/\" \/>\n<meta property=\"og:site_name\" content=\"albaicin\" \/>\n<meta property=\"article:modified_time\" content=\"2025-07-22T15:33:18+00:00\" \/>\n<meta property=\"og:image\" content=\"https:\/\/albaicin.fr\/wp-content\/uploads\/2023\/10\/PSM-Capucine-et-Turquoise.jpg\" \/>\n\t<meta property=\"og:image:width\" content=\"700\" \/>\n\t<meta property=\"og:image:height\" content=\"933\" \/>\n\t<meta property=\"og:image:type\" content=\"image\/jpeg\" \/>\n<meta name=\"twitter:card\" content=\"summary_large_image\" \/>\n<meta name=\"twitter:label1\" content=\"Dur\u00e9e de lecture estim\u00e9e\" \/>\n\t<meta name=\"twitter:data1\" content=\"2 minutes\" \/>\n<script type=\"application\/ld+json\" class=\"yoast-schema-graph\">{\"@context\":\"https:\\\/\\\/schema.org\",\"@graph\":[{\"@type\":\"WebPage\",\"@id\":\"https:\\\/\\\/albaicin.fr\\\/index.php\\\/mixte\\\/\",\"url\":\"https:\\\/\\\/albaicin.fr\\\/index.php\\\/mixte\\\/\",\"name\":\"Sacoche mixte avec fermoirs Loxx\",\"isPartOf\":{\"@id\":\"https:\\\/\\\/albaicin.fr\\\/#website\"},\"primaryImageOfPage\":{\"@id\":\"https:\\\/\\\/albaicin.fr\\\/index.php\\\/mixte\\\/#primaryimage\"},\"image\":{\"@id\":\"https:\\\/\\\/albaicin.fr\\\/index.php\\\/mixte\\\/#primaryimage\"},\"thumbnailUrl\":\"https:\\\/\\\/albaicin.fr\\\/wp-content\\\/uploads\\\/2023\\\/10\\\/PSM-Capucine-et-Turquoise.jpg\",\"datePublished\":\"2023-10-18T08:24:57+00:00\",\"dateModified\":\"2025-07-22T15:33:18+00:00\",\"description\":\"Cette petite sacoche mixte avec fermoirs Loxx s\u00e9curis\u00e9 plait autant aux femmes qu'aux hommes. Pratique et ravissante !\",\"breadcrumb\":{\"@id\":\"https:\\\/\\\/albaicin.fr\\\/index.php\\\/mixte\\\/#breadcrumb\"},\"inLanguage\":\"fr-FR\",\"potentialAction\":[{\"@type\":\"ReadAction\",\"target\":[\"https:\\\/\\\/albaicin.fr\\\/index.php\\\/mixte\\\/\"]}]},{\"@type\":\"ImageObject\",\"inLanguage\":\"fr-FR\",\"@id\":\"https:\\\/\\\/albaicin.fr\\\/index.php\\\/mixte\\\/#primaryimage\",\"url\":\"https:\\\/\\\/albaicin.fr\\\/wp-content\\\/uploads\\\/2023\\\/10\\\/PSM-Capucine-et-Turquoise.jpg\",\"contentUrl\":\"https:\\\/\\\/albaicin.fr\\\/wp-content\\\/uploads\\\/2023\\\/10\\\/PSM-Capucine-et-Turquoise.jpg\",\"width\":700,\"height\":933,\"caption\":\"mixte\"},{\"@type\":\"BreadcrumbList\",\"@id\":\"https:\\\/\\\/albaicin.fr\\\/index.php\\\/mixte\\\/#breadcrumb\",\"itemListElement\":[{\"@type\":\"ListItem\",\"position\":1,\"name\":\"Accueil\",\"item\":\"https:\\\/\\\/albaicin.fr\\\/\"},{\"@type\":\"ListItem\",\"position\":2,\"name\":\"Petite sacoche mixte\"}]},{\"@type\":\"WebSite\",\"@id\":\"https:\\\/\\\/albaicin.fr\\\/#website\",\"url\":\"https:\\\/\\\/albaicin.fr\\\/\",\"name\":\"albaicin\",\"description\":\"Un site utilisant WordPress\",\"potentialAction\":[{\"@type\":\"SearchAction\",\"target\":{\"@type\":\"EntryPoint\",\"urlTemplate\":\"https:\\\/\\\/albaicin.fr\\\/?s={search_term_string}\"},\"query-input\":{\"@type\":\"PropertyValueSpecification\",\"valueRequired\":true,\"valueName\":\"search_term_string\"}}],\"inLanguage\":\"fr-FR\"}]}<\/script>\n<!-- \/ Yoast SEO plugin. -->","yoast_head_json":{"title":"Sacoche mixte avec fermoirs Loxx","description":"Cette petite sacoche mixte avec fermoirs Loxx s\u00e9curis\u00e9 plait autant aux femmes qu'aux hommes. Pratique et ravissante !","robots":{"index":"index","follow":"follow","max-snippet":"max-snippet:-1","max-image-preview":"max-image-preview:large","max-video-preview":"max-video-preview:-1"},"canonical":"https:\/\/albaicin.fr\/index.php\/mixte\/","og_locale":"fr_FR","og_type":"article","og_title":"Sacoche mixte avec fermoirs Loxx","og_description":"Cette petite sacoche mixte avec fermoirs Loxx s\u00e9curis\u00e9 plait autant aux femmes qu'aux hommes. Pratique et ravissante !","og_url":"https:\/\/albaicin.fr\/index.php\/mixte\/","og_site_name":"albaicin","article_modified_time":"2025-07-22T15:33:18+00:00","og_image":[{"width":700,"height":933,"url":"https:\/\/albaicin.fr\/wp-content\/uploads\/2023\/10\/PSM-Capucine-et-Turquoise.jpg","type":"image\/jpeg"}],"twitter_card":"summary_large_image","twitter_misc":{"Dur\u00e9e de lecture estim\u00e9e":"2 minutes"},"schema":{"@context":"https:\/\/schema.org","@graph":[{"@type":"WebPage","@id":"https:\/\/albaicin.fr\/index.php\/mixte\/","url":"https:\/\/albaicin.fr\/index.php\/mixte\/","name":"Sacoche mixte avec fermoirs Loxx","isPartOf":{"@id":"https:\/\/albaicin.fr\/#website"},"primaryImageOfPage":{"@id":"https:\/\/albaicin.fr\/index.php\/mixte\/#primaryimage"},"image":{"@id":"https:\/\/albaicin.fr\/index.php\/mixte\/#primaryimage"},"thumbnailUrl":"https:\/\/albaicin.fr\/wp-content\/uploads\/2023\/10\/PSM-Capucine-et-Turquoise.jpg","datePublished":"2023-10-18T08:24:57+00:00","dateModified":"2025-07-22T15:33:18+00:00","description":"Cette petite sacoche mixte avec fermoirs Loxx s\u00e9curis\u00e9 plait autant aux femmes qu'aux hommes. Pratique et ravissante !","breadcrumb":{"@id":"https:\/\/albaicin.fr\/index.php\/mixte\/#breadcrumb"},"inLanguage":"fr-FR","potentialAction":[{"@type":"ReadAction","target":["https:\/\/albaicin.fr\/index.php\/mixte\/"]}]},{"@type":"ImageObject","inLanguage":"fr-FR","@id":"https:\/\/albaicin.fr\/index.php\/mixte\/#primaryimage","url":"https:\/\/albaicin.fr\/wp-content\/uploads\/2023\/10\/PSM-Capucine-et-Turquoise.jpg","contentUrl":"https:\/\/albaicin.fr\/wp-content\/uploads\/2023\/10\/PSM-Capucine-et-Turquoise.jpg","width":700,"height":933,"caption":"mixte"},{"@type":"BreadcrumbList","@id":"https:\/\/albaicin.fr\/index.php\/mixte\/#breadcrumb","itemListElement":[{"@type":"ListItem","position":1,"name":"Accueil","item":"https:\/\/albaicin.fr\/"},{"@type":"ListItem","position":2,"name":"Petite sacoche mixte"}]},{"@type":"WebSite","@id":"https:\/\/albaicin.fr\/#website","url":"https:\/\/albaicin.fr\/","name":"albaicin","description":"Un site utilisant WordPress","potentialAction":[{"@type":"SearchAction","target":{"@type":"EntryPoint","urlTemplate":"https:\/\/albaicin.fr\/?s={search_term_string}"},"query-input":{"@type":"PropertyValueSpecification","valueRequired":true,"valueName":"search_term_string"}}],"inLanguage":"fr-FR"}]}},"_links":{"self":[{"href":"https:\/\/albaicin.fr\/index.php\/wp-json\/wp\/v2\/pages\/10707","targetHints":{"allow":["GET"]}}],"collection":[{"href":"https:\/\/albaicin.fr\/index.php\/wp-json\/wp\/v2\/pages"}],"about":[{"href":"https:\/\/albaicin.fr\/index.php\/wp-json\/wp\/v2\/types\/page"}],"author":[{"embeddable":true,"href":"https:\/\/albaicin.fr\/index.php\/wp-json\/wp\/v2\/users\/1"}],"replies":[{"embeddable":true,"href":"https:\/\/albaicin.fr\/index.php\/wp-json\/wp\/v2\/comments?post=10707"}],"version-history":[{"count":18,"href":"https:\/\/albaicin.fr\/index.php\/wp-json\/wp\/v2\/pages\/10707\/revisions"}],"predecessor-version":[{"id":11977,"href":"https:\/\/albaicin.fr\/index.php\/wp-json\/wp\/v2\/pages\/10707\/revisions\/11977"}],"wp:featuredmedia":[{"embeddable":true,"href":"https:\/\/albaicin.fr\/index.php\/wp-json\/wp\/v2\/media\/10738"}],"wp:attachment":[{"href":"https:\/\/albaicin.fr\/index.php\/wp-json\/wp\/v2\/media?parent=10707"}],"curies":[{"name":"wp","href":"https:\/\/api.w.org\/{rel}","templated":true}]}}