{"id":15,"date":"2021-10-17T17:33:49","date_gmt":"2021-10-17T15:33:49","guid":{"rendered":"https:\/\/albaicin.fr\/?page_id=15"},"modified":"2025-07-22T16:56:42","modified_gmt":"2025-07-22T14:56:42","slug":"mentions-legales","status":"publish","type":"page","link":"https:\/\/albaicin.fr\/index.php\/mentions-legales\/","title":{"rendered":"Mentions l\u00e9gales"},"content":{"rendered":"<div class=\"wpb-content-wrapper\">[vc_row][vc_column offset=\u00a0\u00bbvc_col-lg-offset-0&Prime;][vc_column_text css=\u00a0\u00bb.vc_custom_1753195303215{padding-top: 30px !important;padding-bottom: 30px !important;background-color: #FFFFFF !important;}\u00a0\u00bb]\n<h1 style=\"text-align: center;\"><span style=\"font-family: tahoma, arial, helvetica, sans-serif; color: #811013;\">Mentions l\u00e9gales<\/span><\/h1>\n[\/vc_column_text][vc_separator color=\u00a0\u00bbblack\u00a0\u00bb border_width=\u00a0\u00bb4&Prime; css=\u00a0\u00bb\u00a0\u00bb][\/vc_column][\/vc_row][vc_row][vc_column][vc_column_text css=\u00a0\u00bb\u00a0\u00bb]\n<h2 style=\"text-align: center;\"><span style=\"font-family: tahoma, arial, helvetica, sans-serif; color: #811013;\">Editeur<\/span><\/h2>\n<p style=\"text-align: center;\"><span style=\"font-family: tahoma, arial, helvetica, sans-serif;\"><strong>Albaic\u00edn<\/strong><\/span><\/p>\n<p style=\"text-align: center;\"><span style=\"font-family: tahoma, arial, helvetica, sans-serif;\">Entreprise individuelle<\/span><br \/>\n<span style=\"font-family: tahoma, arial, helvetica, sans-serif;\">Siret : 80095967823000<\/span><\/p>\n<p style=\"text-align: center;\"><span style=\"font-family: tahoma, arial, helvetica, sans-serif;\">8 rue Pen Ar Roz, 29120 PLOMEUR<\/span><br \/>\n<span style=\"font-family: tahoma, arial, helvetica, sans-serif;\">T\u00e9l. : 0684646647<\/span><br \/>\n<span style=\"font-family: tahoma, arial, helvetica, sans-serif;\">E-mail : <a href=\"mailto:cuiralbaicin@gmail.com\">cuiralbaicin@gmail.com<\/a><\/span><\/p>\n<p style=\"text-align: center;\"><span style=\"font-family: tahoma, arial, helvetica, sans-serif;\">Directeur de publication : Anne Castellon<\/span><\/p>\n<h2 style=\"text-align: center;\"><span style=\"font-family: tahoma, arial, helvetica, sans-serif; color: #811013;\">H\u00e9bergement<\/span><\/h2>\n<p style=\"text-align: center;\"><span style=\"font-family: tahoma, arial, helvetica, sans-serif;\">OVH<\/span><\/p>\n<p style=\"text-align: center;\"><span style=\"font-family: tahoma, arial, helvetica, sans-serif;\">SAS au capital de 10 069 020 \u20ac<\/span><br \/>\n<span style=\"font-family: tahoma, arial, helvetica, sans-serif;\">RCS Lille M\u00e9tropole 424 761 419 00045<\/span><br \/>\n<span style=\"font-family: tahoma, arial, helvetica, sans-serif;\">Code APE 2620Z<\/span><br \/>\n<span style=\"font-family: tahoma, arial, helvetica, sans-serif;\">N\u00b0 TVA : FR 22 424 761 419<\/span><br \/>\n<span style=\"font-family: tahoma, arial, helvetica, sans-serif;\">Si\u00e8ge social : 2 rue Kellermann \u2013 59100 Roubaix \u2013 France<\/span><\/p>\n<p style=\"text-align: center;\"><span style=\"font-family: tahoma, arial, helvetica, sans-serif;\">OVH SAS est une filiale de la soci\u00e9t\u00e9 OVH Groupe SAS, soci\u00e9t\u00e9 immatricul\u00e9e au RCS de Lille sous le num\u00e9ro 537 407 926 sise 2, rue Kellermann, 59100 Roubaix.<\/span><\/p>\n<h2 style=\"text-align: center;\"><span style=\"font-family: tahoma, arial, helvetica, sans-serif; color: #811013;\">Propri\u00e9t\u00e9 intellectuelle<\/span><\/h2>\n<p style=\"text-align: center;\"><span style=\"font-family: tahoma, arial, helvetica, sans-serif;\">La structure g\u00e9n\u00e9rale ainsi que les logiciels, textes, images, vid\u00e9os, sons, animations, graphismes \u2026 et tout autre \u00e9l\u00e9ment composant le site sont la propri\u00e9t\u00e9 exclusive de Albaic\u00edn, ou bien sont r\u00e9guli\u00e8rement exploit\u00e9s sous licence. Toute repr\u00e9sentation totale ou partielle de ce site par quelque proc\u00e9d\u00e9 que ce soit, sans l\u2019autorisation expresse de Albaic\u00edn, est interdite et constituerait une contrefa\u00e7on sanctionn\u00e9e par les articles L.335-2 et suivants du Code de la propri\u00e9t\u00e9 intellectuelle. L\u2019ensemble des textes et illustrations mis en ligne par Albaic\u00edn est prot\u00e9g\u00e9 par le droit d\u2019auteur et par le droit prot\u00e9geant les bases de donn\u00e9es dont l\u2019Editeur est producteur au sens des articles L 341-1 et suivants du Code de la Propri\u00e9t\u00e9 Intellectuelle. Les marques de Albaic\u00edn et de ses partenaires, ainsi que les logos, figurant sur le site sont des marques (semi figuratives ou non) d\u00e9pos\u00e9es. Toute reproduction ou repr\u00e9sentation totale ou partielle de ces marques, toute modification, toute alt\u00e9ration de ces marques et\/ou logos sans l\u2019autorisation expresse de Albaic\u00edn\u00a0sont donc prohib\u00e9es, au sens de l\u2019article L.713-2 du Code de la propri\u00e9t\u00e9 intellectuelle.<\/span><\/p>\n<h2 style=\"text-align: center;\"><span style=\"font-family: tahoma, arial, helvetica, sans-serif; color: #811013;\">Limite de responsabilit\u00e9<\/span><\/h2>\n<p style=\"text-align: center;\"><span style=\"font-family: tahoma, arial, helvetica, sans-serif;\">L\u2019utilisateur utilise le site \u00e0 ses seuls risques. En aucun cas, nous ne pourrons \u00eatre tenue responsable des dommages directs ou indirects, et notamment pr\u00e9judice mat\u00e9riel, perte de donn\u00e9es ou de programme, pr\u00e9judice financier, r\u00e9sultant de l\u2019acc\u00e8s ou de l\u2019utilisation de ce site ou de tous sites qui lui sont li\u00e9s. Le contenu du site est pr\u00e9sent\u00e9 sans aucune garantie de quelque nature que ce soit. Les informations sur les produits et leurs caract\u00e9ristiques correspondent \u00e0 une d\u00e9finition au moment de la mise en ligne ou des mises \u00e0 jour des diff\u00e9rentes pages du site ; elles ne sont donn\u00e9es qu\u2019\u00e0 titre indicatif et ne sauraient \u00eatre consid\u00e9r\u00e9es comme constituant une offre contractuelle de produits ou services \u00e9manant de notre soci\u00e9t\u00e9. Des erreurs ou omissions peuvent survenir. L\u2019acc\u00e8s aux produits et services pr\u00e9sent\u00e9s sur le site peut faire l\u2019objet de restrictions. Vous devez donc vous assurer que la loi du pays \u00e0 partir duquel la connexion est \u00e9tablie vous autorise \u00e0 acc\u00e9der \u00e0 notre site.<\/span><\/p>\n<h2 style=\"text-align: center;\"><span style=\"font-family: tahoma, arial, helvetica, sans-serif; color: #811013;\">Cookies<\/span><\/h2>\n<p style=\"text-align: center;\"><span style=\"font-family: tahoma, arial, helvetica, sans-serif;\">Nous souhaitons implanter un cookie dans votre ordinateur. Un cookie ne nous permet pas de vous identifier; en revanche, il enregistre des informations relatives \u00e0 la navigation de votre ordinateur sur notre site (les pages que vous avez consult\u00e9es, la date et l\u2019heure de la consultation, etc.) que nous pourrons lire lors de vos visites ult\u00e9rieures. La dur\u00e9e de conservation de ces informations dans votre ordinateur n\u2019exc\u00e8de pas un an. Nous vous informons que vous pouvez vous opposer \u00e0 l\u2019enregistrement de \u00ab cookies \u00bb en param\u00e9trant votre navigateur.<\/span><\/p>\n<h2 style=\"text-align: center;\"><span style=\"font-family: tahoma, arial, helvetica, sans-serif; color: #811013;\">Donn\u00e9es nominatives<\/span><\/h2>\n<p style=\"text-align: center;\"><span style=\"font-family: tahoma, arial, helvetica, sans-serif;\">En application de la Loi n\u00b0 78-17 du 6 janvier 1978 relative \u00e0 l\u2019Informatique, aux Fichiers et aux Libert\u00e9s, vous disposez des droits d\u2019opposition (art. 26 de la loi), d\u2019acc\u00e8s (art.34 \u00e0 38 de la loi) et de rectification (art. 36 de la loi) des donn\u00e9es vous concernant. Ainsi, vous pouvez nous contacter pour que soient rectifi\u00e9es, compl\u00e9t\u00e9es, mises \u00e0 jour ou effac\u00e9es les informations vous concernant qui sont inexactes, incompl\u00e8tes, \u00e9quivoques, p\u00e9rim\u00e9es ou dont la collecte ou l\u2019utilisation, la communication ou la conservation est interdite. Les informations qui vous concernent sont uniquement destin\u00e9es \u00e0 notre soci\u00e9t\u00e9. Nous ne transmettons ces informations \u00e0 aucun tiers (partenaires commerciaux, etc).<\/span><\/p>\n<h2 style=\"text-align: center;\"><span style=\"font-family: tahoma, arial, helvetica, sans-serif; color: #811013;\">Droits \u00e0 l\u2019image<\/span><\/h2>\n<p style=\"text-align: center;\"><span style=\"font-family: tahoma, arial, helvetica, sans-serif;\">\u00a9 Mohamed El Houfi Photographe &#8211; Prises de vue sign\u00e9es \u201cmh\u201d<\/span><\/p>\n<p style=\"text-align: center;\"><span style=\"font-family: tahoma, arial, helvetica, sans-serif;\">Site\u00a0<a href=\"https:\/\/nam12.safelinks.protection.outlook.com\/?url=http%3A%2F%2Fwww.mohahoufiphotovideaste.com%2F&amp;data=05%7C01%7C%7C73b8a8fe35cf46e93c5c08da4c5bbbe4%7C84df9e7fe9f640afb435aaaaaaaaaaaa%7C1%7C0%7C637906254116598918%7CUnknown%7CTWFpbGZsb3d8eyJWIjoiMC4wLjAwMDAiLCJQIjoiV2luMzIiLCJBTiI6Ik1haWwiLCJXVCI6Mn0%3D%7C3000%7C%7C%7C&amp;sdata=Jk2kB6GEo0bOLgbBOMA8ygfo0P3lpqcoLS90MVAn%2B8c%3D&amp;reserved=0\">www.mohahoufiphotovideaste.com<\/a><\/span><\/p>\n<p style=\"text-align: center;\"><span style=\"font-family: tahoma, arial, helvetica, sans-serif;\">Instagram\u00a0<a href=\"https:\/\/nam12.safelinks.protection.outlook.com\/?url=https%3A%2F%2Fwww.instagram.com%2Fphotographe.filmeur%2F%3Fhl%3Dfr&amp;data=05%7C01%7C%7C73b8a8fe35cf46e93c5c08da4c5bbbe4%7C84df9e7fe9f640afb435aaaaaaaaaaaa%7C1%7C0%7C637906254116598918%7CUnknown%7CTWFpbGZsb3d8eyJWIjoiMC4wLjAwMDAiLCJQIjoiV2luMzIiLCJBTiI6Ik1haWwiLCJXVCI6Mn0%3D%7C3000%7C%7C%7C&amp;sdata=Hbef24Zuslw9v4p8v5TbJNpvtpMEfHhNvefDTfGpbTo%3D&amp;reserved=0\">https:\/\/www.instagram.com\/photographe.filmeur\/?hl=fr<\/a><\/span><\/p>\n<p style=\"text-align: center;\"><span style=\"font-family: tahoma, arial, helvetica, sans-serif;\">FaceBook\u00a0<a href=\"https:\/\/nam12.safelinks.protection.outlook.com\/?url=https%3A%2F%2Fwww.facebook.com%2Fmohamed.elhoufi.5%2F&amp;data=05%7C01%7C%7C73b8a8fe35cf46e93c5c08da4c5bbbe4%7C84df9e7fe9f640afb435aaaaaaaaaaaa%7C1%7C0%7C637906254116598918%7CUnknown%7CTWFpbGZsb3d8eyJWIjoiMC4wLjAwMDAiLCJQIjoiV2luMzIiLCJBTiI6Ik1haWwiLCJXVCI6Mn0%3D%7C3000%7C%7C%7C&amp;sdata=tO%2FKDpSob1EB2dBDzNz4qI7FqAJpY9ezWBUE1fl4ZRc%3D&amp;reserved=0\">https:\/\/www.facebook.com\/mohamed.elhoufi.5\/<\/a><\/span><\/p>\n<p style=\"text-align: center;\"><span style=\"font-family: tahoma, arial, helvetica, sans-serif;\">\u00a9 freepik<\/span><\/p>\n<p style=\"text-align: center;\"><span style=\"font-family: tahoma, arial, helvetica, sans-serif;\">\u00a9 Toutes les autres images et illustrations de ce site sont la propri\u00e9t\u00e9 exclusive de Albaic\u00edn.<\/span><\/p>\n<h2 style=\"text-align: center;\"><span style=\"font-family: tahoma, arial, helvetica, sans-serif; color: #811013;\">Liens hypertextes<\/span><\/h2>\n<p style=\"text-align: center;\"><span style=\"font-family: tahoma, arial, helvetica, sans-serif;\">Nous d\u00e9clinons toute responsabilit\u00e9 sur le contenu des sites dont nous ne sommes pas l\u2019\u00e9diteur et qui sont accessibles par l\u2019interm\u00e9diaire de liens hypertextes.<\/span><\/p>\n[\/vc_column_text][\/vc_column][\/vc_row]\n<\/div>","protected":false},"excerpt":{"rendered":"<p>[vc_row][vc_column offset=\u00a0\u00bbvc_col-lg-offset-0&Prime;][vc_column_text css=\u00a0\u00bb.vc_custom_1753195303215{padding-top: 30px !important;padding-bottom: 30px !important;background-color: #FFFFFF !important;}\u00a0\u00bb] Mentions l\u00e9gales [\/vc_column_text][vc_separator color=\u00a0\u00bbblack\u00a0\u00bb border_width=\u00a0\u00bb4&Prime; css=\u00a0\u00bb\u00a0\u00bb][\/vc_column][\/vc_row][vc_row][vc_column][vc_column_text css=\u00a0\u00bb\u00a0\u00bb] Editeur Albaic\u00edn Entreprise individuelle Siret : 80095967823000 8 rue Pen Ar Roz, 29120 PLOMEUR T\u00e9l. : 0684646647 E-mail : cuiralbaicin@gmail.com Directeur de publication : &hellip; <a class=\"kt-excerpt-readmore\" href=\"https:\/\/albaicin.fr\/index.php\/mentions-legales\/\" aria-label=\"Mentions l\u00e9gales\">Lire plus<\/a><\/p>\n","protected":false},"author":1,"featured_media":9068,"parent":0,"menu_order":0,"comment_status":"closed","ping_status":"closed","template":"page-fullwidth.php","meta":{"footnotes":""},"class_list":["post-15","page","type-page","status-publish","has-post-thumbnail","hentry"],"yoast_head":"<!-- This site is optimized with the Yoast SEO plugin v27.2 - https:\/\/yoast.com\/product\/yoast-seo-wordpress\/ -->\n<title>mentions l\u00e9gales<\/title>\n<meta name=\"description\" content=\"Mentions l\u00e9gales de l&#039;atelier Albaicin Maroquinerie artisanale. Pochettes ceintures, besaces, sac-\u00e0-dos, \u00e9tuis pour tablettes et laptop.\" \/>\n<meta name=\"robots\" content=\"index, follow, max-snippet:-1, max-image-preview:large, max-video-preview:-1\" \/>\n<link rel=\"canonical\" href=\"https:\/\/albaicin.fr\/index.php\/mentions-legales\/\" \/>\n<meta property=\"og:locale\" content=\"fr_FR\" \/>\n<meta property=\"og:type\" content=\"article\" \/>\n<meta property=\"og:title\" content=\"mentions l\u00e9gales\" \/>\n<meta property=\"og:description\" content=\"Mentions l\u00e9gales de l&#039;atelier Albaicin Maroquinerie artisanale. Pochettes ceintures, besaces, sac-\u00e0-dos, \u00e9tuis pour tablettes et laptop.\" \/>\n<meta property=\"og:url\" content=\"https:\/\/albaicin.fr\/index.php\/mentions-legales\/\" \/>\n<meta property=\"og:site_name\" content=\"albaicin\" \/>\n<meta property=\"article:modified_time\" content=\"2025-07-22T14:56:42+00:00\" \/>\n<meta property=\"og:image\" content=\"https:\/\/albaicin.fr\/wp-content\/uploads\/2021\/11\/Mentions-legales.png\" \/>\n\t<meta property=\"og:image:width\" content=\"200\" \/>\n\t<meta property=\"og:image:height\" content=\"200\" \/>\n\t<meta property=\"og:image:type\" content=\"image\/png\" \/>\n<meta name=\"twitter:card\" content=\"summary_large_image\" \/>\n<meta name=\"twitter:label1\" content=\"Dur\u00e9e de lecture estim\u00e9e\" \/>\n\t<meta name=\"twitter:data1\" content=\"5 minutes\" \/>\n<script type=\"application\/ld+json\" class=\"yoast-schema-graph\">{\"@context\":\"https:\/\/schema.org\",\"@graph\":[{\"@type\":\"WebPage\",\"@id\":\"https:\/\/albaicin.fr\/index.php\/mentions-legales\/\",\"url\":\"https:\/\/albaicin.fr\/index.php\/mentions-legales\/\",\"name\":\"mentions l\u00e9gales\",\"isPartOf\":{\"@id\":\"https:\/\/albaicin.fr\/#website\"},\"primaryImageOfPage\":{\"@id\":\"https:\/\/albaicin.fr\/index.php\/mentions-legales\/#primaryimage\"},\"image\":{\"@id\":\"https:\/\/albaicin.fr\/index.php\/mentions-legales\/#primaryimage\"},\"thumbnailUrl\":\"https:\/\/albaicin.fr\/wp-content\/uploads\/2021\/11\/Mentions-legales.png\",\"datePublished\":\"2021-10-17T15:33:49+00:00\",\"dateModified\":\"2025-07-22T14:56:42+00:00\",\"description\":\"Mentions l\u00e9gales de l'atelier Albaicin Maroquinerie artisanale. Pochettes ceintures, besaces, sac-\u00e0-dos, \u00e9tuis pour tablettes et laptop.\",\"breadcrumb\":{\"@id\":\"https:\/\/albaicin.fr\/index.php\/mentions-legales\/#breadcrumb\"},\"inLanguage\":\"fr-FR\",\"potentialAction\":[{\"@type\":\"ReadAction\",\"target\":[\"https:\/\/albaicin.fr\/index.php\/mentions-legales\/\"]}]},{\"@type\":\"ImageObject\",\"inLanguage\":\"fr-FR\",\"@id\":\"https:\/\/albaicin.fr\/index.php\/mentions-legales\/#primaryimage\",\"url\":\"https:\/\/albaicin.fr\/wp-content\/uploads\/2021\/11\/Mentions-legales.png\",\"contentUrl\":\"https:\/\/albaicin.fr\/wp-content\/uploads\/2021\/11\/Mentions-legales.png\",\"width\":200,\"height\":200,\"caption\":\"mentions l\u00e9gales\"},{\"@type\":\"BreadcrumbList\",\"@id\":\"https:\/\/albaicin.fr\/index.php\/mentions-legales\/#breadcrumb\",\"itemListElement\":[{\"@type\":\"ListItem\",\"position\":1,\"name\":\"Accueil\",\"item\":\"https:\/\/albaicin.fr\/\"},{\"@type\":\"ListItem\",\"position\":2,\"name\":\"Mentions l\u00e9gales\"}]},{\"@type\":\"WebSite\",\"@id\":\"https:\/\/albaicin.fr\/#website\",\"url\":\"https:\/\/albaicin.fr\/\",\"name\":\"albaicin\",\"description\":\"Un site utilisant WordPress\",\"potentialAction\":[{\"@type\":\"SearchAction\",\"target\":{\"@type\":\"EntryPoint\",\"urlTemplate\":\"https:\/\/albaicin.fr\/?s={search_term_string}\"},\"query-input\":{\"@type\":\"PropertyValueSpecification\",\"valueRequired\":true,\"valueName\":\"search_term_string\"}}],\"inLanguage\":\"fr-FR\"}]}<\/script>\n<!-- \/ Yoast SEO plugin. -->","yoast_head_json":{"title":"mentions l\u00e9gales","description":"Mentions l\u00e9gales de l'atelier Albaicin Maroquinerie artisanale. Pochettes ceintures, besaces, sac-\u00e0-dos, \u00e9tuis pour tablettes et laptop.","robots":{"index":"index","follow":"follow","max-snippet":"max-snippet:-1","max-image-preview":"max-image-preview:large","max-video-preview":"max-video-preview:-1"},"canonical":"https:\/\/albaicin.fr\/index.php\/mentions-legales\/","og_locale":"fr_FR","og_type":"article","og_title":"mentions l\u00e9gales","og_description":"Mentions l\u00e9gales de l'atelier Albaicin Maroquinerie artisanale. Pochettes ceintures, besaces, sac-\u00e0-dos, \u00e9tuis pour tablettes et laptop.","og_url":"https:\/\/albaicin.fr\/index.php\/mentions-legales\/","og_site_name":"albaicin","article_modified_time":"2025-07-22T14:56:42+00:00","og_image":[{"width":200,"height":200,"url":"https:\/\/albaicin.fr\/wp-content\/uploads\/2021\/11\/Mentions-legales.png","type":"image\/png"}],"twitter_card":"summary_large_image","twitter_misc":{"Dur\u00e9e de lecture estim\u00e9e":"5 minutes"},"schema":{"@context":"https:\/\/schema.org","@graph":[{"@type":"WebPage","@id":"https:\/\/albaicin.fr\/index.php\/mentions-legales\/","url":"https:\/\/albaicin.fr\/index.php\/mentions-legales\/","name":"mentions l\u00e9gales","isPartOf":{"@id":"https:\/\/albaicin.fr\/#website"},"primaryImageOfPage":{"@id":"https:\/\/albaicin.fr\/index.php\/mentions-legales\/#primaryimage"},"image":{"@id":"https:\/\/albaicin.fr\/index.php\/mentions-legales\/#primaryimage"},"thumbnailUrl":"https:\/\/albaicin.fr\/wp-content\/uploads\/2021\/11\/Mentions-legales.png","datePublished":"2021-10-17T15:33:49+00:00","dateModified":"2025-07-22T14:56:42+00:00","description":"Mentions l\u00e9gales de l'atelier Albaicin Maroquinerie artisanale. Pochettes ceintures, besaces, sac-\u00e0-dos, \u00e9tuis pour tablettes et laptop.","breadcrumb":{"@id":"https:\/\/albaicin.fr\/index.php\/mentions-legales\/#breadcrumb"},"inLanguage":"fr-FR","potentialAction":[{"@type":"ReadAction","target":["https:\/\/albaicin.fr\/index.php\/mentions-legales\/"]}]},{"@type":"ImageObject","inLanguage":"fr-FR","@id":"https:\/\/albaicin.fr\/index.php\/mentions-legales\/#primaryimage","url":"https:\/\/albaicin.fr\/wp-content\/uploads\/2021\/11\/Mentions-legales.png","contentUrl":"https:\/\/albaicin.fr\/wp-content\/uploads\/2021\/11\/Mentions-legales.png","width":200,"height":200,"caption":"mentions l\u00e9gales"},{"@type":"BreadcrumbList","@id":"https:\/\/albaicin.fr\/index.php\/mentions-legales\/#breadcrumb","itemListElement":[{"@type":"ListItem","position":1,"name":"Accueil","item":"https:\/\/albaicin.fr\/"},{"@type":"ListItem","position":2,"name":"Mentions l\u00e9gales"}]},{"@type":"WebSite","@id":"https:\/\/albaicin.fr\/#website","url":"https:\/\/albaicin.fr\/","name":"albaicin","description":"Un site utilisant WordPress","potentialAction":[{"@type":"SearchAction","target":{"@type":"EntryPoint","urlTemplate":"https:\/\/albaicin.fr\/?s={search_term_string}"},"query-input":{"@type":"PropertyValueSpecification","valueRequired":true,"valueName":"search_term_string"}}],"inLanguage":"fr-FR"}]}},"_links":{"self":[{"href":"https:\/\/albaicin.fr\/index.php\/wp-json\/wp\/v2\/pages\/15","targetHints":{"allow":["GET"]}}],"collection":[{"href":"https:\/\/albaicin.fr\/index.php\/wp-json\/wp\/v2\/pages"}],"about":[{"href":"https:\/\/albaicin.fr\/index.php\/wp-json\/wp\/v2\/types\/page"}],"author":[{"embeddable":true,"href":"https:\/\/albaicin.fr\/index.php\/wp-json\/wp\/v2\/users\/1"}],"replies":[{"embeddable":true,"href":"https:\/\/albaicin.fr\/index.php\/wp-json\/wp\/v2\/comments?post=15"}],"version-history":[{"count":113,"href":"https:\/\/albaicin.fr\/index.php\/wp-json\/wp\/v2\/pages\/15\/revisions"}],"predecessor-version":[{"id":11973,"href":"https:\/\/albaicin.fr\/index.php\/wp-json\/wp\/v2\/pages\/15\/revisions\/11973"}],"wp:featuredmedia":[{"embeddable":true,"href":"https:\/\/albaicin.fr\/index.php\/wp-json\/wp\/v2\/media\/9068"}],"wp:attachment":[{"href":"https:\/\/albaicin.fr\/index.php\/wp-json\/wp\/v2\/media?parent=15"}],"curies":[{"name":"wp","href":"https:\/\/api.w.org\/{rel}","templated":true}]}}