{"id":8710,"date":"2021-10-27T20:12:54","date_gmt":"2021-10-27T18:12:54","guid":{"rendered":"https:\/\/albaicin.fr\/?page_id=8710"},"modified":"2025-07-22T17:20:44","modified_gmt":"2025-07-22T15:20:44","slug":"parcours","status":"publish","type":"page","link":"https:\/\/albaicin.fr\/index.php\/parcours\/","title":{"rendered":"Parcours de l&rsquo;artisane"},"content":{"rendered":"<div class=\"wpb-content-wrapper\">[vc_row][vc_column][\/vc_column][\/vc_row][vc_row][vc_column width=\u00a0\u00bb1\/3&Prime;][vc_column_text css=\u00a0\u00bb\u00a0\u00bb]\n<h2><span style=\"color: #811013;\">Parcours de reconversion<\/span><\/h2>\n<p style=\"text-align: justify;\">Enseignante sp\u00e9cialis\u00e9e aupr\u00e8s d\u2019\u00e9l\u00e8ves en difficult\u00e9 scolaire durant 26 ans, j\u2019ai commenc\u00e9 \u00e0 m&rsquo;int\u00e9resser s\u00e9rieusement \u00e0 la maroquinerie en 2012.<\/p>\n<p style=\"text-align: justify;\">C\u2019est \u00e0 l\u2019occasion de plusieurs stages en Haute-Sa\u00f4ne, que Martine Anselmino, formatrice de futures ouvri\u00e8res de grandes maisons, m\u2019a transmis l\u2019art du travail du cuir. Je fus donc initi\u00e9e aux savoir-faire de la sellerie-maroquinerie haut de gamme.<\/p>\n<p style=\"text-align: justify;\">Parall\u00e8lement, j\u2019ai suivi une formation dipl\u00f4mante dans un lyc\u00e9e professionnel parisien et ai obtenu le CAP de maroquinerie en juin 2014.<\/p>\n[\/vc_column_text][vc_single_image image=\u00a0\u00bb8744&Prime; img_size=\u00a0\u00bbmedium\u00a0\u00bb add_caption=\u00a0\u00bbyes\u00a0\u00bb alignment=\u00a0\u00bbcenter\u00a0\u00bb style=\u00a0\u00bbvc_box_rounded\u00a0\u00bb onclick=\u00a0\u00bbzoom\u00a0\u00bb][vc_single_image image=\u00a0\u00bb8739&Prime; img_size=\u00a0\u00bbmedium\u00a0\u00bb add_caption=\u00a0\u00bbyes\u00a0\u00bb alignment=\u00a0\u00bbcenter\u00a0\u00bb style=\u00a0\u00bbvc_box_rounded\u00a0\u00bb onclick=\u00a0\u00bbzoom\u00a0\u00bb][\/vc_column][vc_column width=\u00a0\u00bb1\/3&Prime;][vc_single_image image=\u00a0\u00bb8743&Prime; img_size=\u00a0\u00bbmedium\u00a0\u00bb add_caption=\u00a0\u00bbyes\u00a0\u00bb alignment=\u00a0\u00bbcenter\u00a0\u00bb style=\u00a0\u00bbvc_box_rounded\u00a0\u00bb onclick=\u00a0\u00bbzoom\u00a0\u00bb][vc_single_image image=\u00a0\u00bb8740&Prime; img_size=\u00a0\u00bbmedium\u00a0\u00bb add_caption=\u00a0\u00bbyes\u00a0\u00bb alignment=\u00a0\u00bbcenter\u00a0\u00bb style=\u00a0\u00bbvc_box_rounded\u00a0\u00bb onclick=\u00a0\u00bbzoom\u00a0\u00bb][vc_column_text css=\u00a0\u00bb\u00a0\u00bb]\n<h2><span style=\"color: #811013;\">Une exigence de qualit\u00e9<\/span><\/h2>\n<p style=\"text-align: justify;\">L\u2019ensemble de la production albaic\u00edn est r\u00e9alis\u00e9e dans des cuirs \u00ab\u00a0pleine fleur\u00a0\u00bb de premier choix. Elle r\u00e9pond aux exigences de la maroquinerie d\u2019artisanat d\u2019art fran\u00e7ais.<\/p>\n<p style=\"text-align: justify;\">Pour toutes les \u00e9tapes de la r\u00e9alisation, je dispose de machines et d\u2019outils professionnels. Les consommables utilis\u00e9s sont de premier choix et fabriqu\u00e9s en France ou en Europe : fils de lin cir\u00e9, fils polycoton, colles base aqueuse, teintures de tranche&#8230; La bouclerie est fabriqu\u00e9e en Italie. Les cuirs sont issus de tanneries fran\u00e7aises , italiennes ou espagnoles.<\/p>\n<p style=\"text-align: justify;\">Mon atelier est situ\u00e9 en pays <a href=\"https:\/\/albaicin.fr\/index.php\/creations-marches\/\"><span style=\"color: #811013;\">Bigouden sud<\/span><\/a>.<\/p>\n<p style=\"text-align: justify;\">Les cr\u00e9ations Albaic\u00edn sont en vente sur les <span style=\"color: #811013;\"><a style=\"color: #811013;\" href=\"https:\/\/albaicin.fr\/index.php\/creations-marches\/\">march\u00e9s locaux<\/a><\/span>, lors de la saison d&rsquo;\u00e9t\u00e9 et avant les f\u00eates de fin d&rsquo;ann\u00e9e.<\/p>\n<p style=\"text-align: justify;\">Il est bien s\u00fbr possible d&rsquo;obtenir des renseignements sur mes cr\u00e9ations en laissant un message sur la page<span style=\"color: #811013;\"> <a style=\"color: #811013;\" href=\"https:\/\/albaicin.fr\/index.php\/albaicin-creations-artisanales-maroquinerie-atelier-cuir-pochettes-sacs-artisan-mode\/\">\u00ab\u00a0O\u00f9 trouver nos cr\u00e9ations\u00a0\u00bb<\/a><\/span>.<\/p>\n<p style=\"text-align: justify;\">J&rsquo;assure l&rsquo;envoi des commandes en France m\u00e9tropolitaine.<\/p>\n[\/vc_column_text][\/vc_column][vc_column width=\u00a0\u00bb1\/3&Prime;][vc_column_text css=\u00a0\u00bb\u00a0\u00bb]\n<h2><span style=\"color: #811013;\">Un d\u00e9marrage sur-mesure<\/span><\/h2>\n<p style=\"text-align: justify;\">Depuis, j\u2019imagine et produis des accessoires sur-mesure r\u00e9pondant aux besoins de mes\u00a0 clients. Ces cr\u00e9ations originales et uniques r\u00e9pondent toutes \u00e0 un cahier des charges sp\u00e9cifique.<br \/>\nC\u2019est ainsi que j\u2019ai con\u00e7u entre autres\u00a0:<\/p>\n<ul style=\"text-align: justify;\">\n<li>Une mallette s\u00e9curis\u00e9e \u00e0 double plateau pour transporter une arme de poing, ses munitions et le n\u00e9cessaire pour pratiquer le tir en club.<\/li>\n<li>Une protection de r\u00e9servoir de moto munie d\u2019un cache amovible pour le bouchon et la fixation d\u2019une fermeture \u00e0 glissi\u00e8re pour la sacoche.<\/li>\n<li>Un sac \u00e0 dos pour photographe naturaliste comprenant plusieurs compartiments, avec fermeture aimant\u00e9e donc, silencieuse. Plus r\u00e9cemment,<\/li>\n<li>une ceinture d\u2019outils pour ma fille maraich\u00e8re. Ainsi, elle ne retrouvait plus son mat\u00e9riel rouill\u00e9 dans la terre quelques mois plus tard.<\/li>\n<li>Un sac rond dit \u00ab de plombier \u00bb utilis\u00e9 en sac de ville, avec poign\u00e9e et bandouli\u00e8re.<\/li>\n<\/ul>\n[\/vc_column_text][vc_single_image image=\u00a0\u00bb8742&Prime; img_size=\u00a0\u00bbmedium\u00a0\u00bb add_caption=\u00a0\u00bbyes\u00a0\u00bb alignment=\u00a0\u00bbcenter\u00a0\u00bb style=\u00a0\u00bbvc_box_rounded\u00a0\u00bb onclick=\u00a0\u00bbzoom\u00a0\u00bb][\/vc_column][\/vc_row][vc_row][vc_column][vc_separator color=\u00a0\u00bbcustom\u00a0\u00bb border_width=\u00a0\u00bb2&Prime; accent_color=\u00a0\u00bb#811013&Prime;][vc_row_inner][vc_column_inner width=\u00a0\u00bb1\/3&Prime;][vc_column_text css=\u00a0\u00bb\u00a0\u00bb]\n<h2><span style=\"color: #811013;\">Pourquoi Albaic\u00edn\u00a0?<\/span><\/h2>\n<p style=\"text-align: justify;\">Il peut \u00eatre d\u00e9licat de prononcer \u201cal-ba-i-c\u00edne\u201d, la premi\u00e8re fois.<\/p>\n<p style=\"text-align: justify;\">Tout commence \u00e0 Grenade en Espagne, cit\u00e9 Andalouse o\u00f9 domine le site de l\u2019Alhambra.<\/p>\n<p style=\"text-align: justify;\">Juch\u00e9 sur une petite colline qui fait face \u00e0 la forteresse, le quartier de l\u2019Albaic\u00edn.<\/p>\n<p style=\"text-align: justify;\">Ici, se sont retranch\u00e9s les intellectuels et scientifiques de confession musulmane lorsque Charles Quint a d\u00e9moli la belle entente trans-cultuelle qui perdurait depuis le 13\u00e8me si\u00e8cle.<\/p>\n<p style=\"text-align: justify;\">Le mot provient de l\u2019arabe dialectal al-ba\u2019is\u00een : les ma\u00e7ons. Ceux-l\u00e0 m\u00eame qui ont construit ces lumineuses petites habitations blanches. Aujourd\u2019hui l&rsquo; Albaic\u00edn est toujours un quartier tr\u00e8s vivant o\u00f9 cohabitent artistes, artisans et touristes.<\/p>\n[\/vc_column_text][\/vc_column_inner][vc_column_inner width=\u00a0\u00bb1\/3&Prime;][vc_single_image image=\u00a0\u00bb9062&Prime; img_size=\u00a0\u00bb800&#215;600&Prime; add_caption=\u00a0\u00bbyes\u00a0\u00bb alignment=\u00a0\u00bbcenter\u00a0\u00bb style=\u00a0\u00bbvc_box_rounded\u00a0\u00bb onclick=\u00a0\u00bbzoom\u00a0\u00bb][\/vc_column_inner][vc_column_inner width=\u00a0\u00bb1\/3&Prime;][vc_column_text css=\u00a0\u00bb\u00a0\u00bb]\n<h2><span style=\"color: #811013;\">Une gen\u00e8se charg\u00e9e d\u2019\u00e9motions<\/span><\/h2>\n<p style=\"text-align: justify;\">Ce p\u00e8re espagnol que je n\u2019ai pas connu, m\u2019a conduit sur la route de mes origines et notamment dans ce quartier compos\u00e9 de maisonnettes blanchies \u00e0 la chaux. Ces instants de qui\u00e9tude, dans ces ruelles charg\u00e9es d\u2019histoires et de chats errants, m\u2019ont fortement marqu\u00e9e. J\u2019ai donc conserv\u00e9 en m\u00e9moire cette belle sonorit\u00e9.<\/p>\n<p style=\"text-align: justify;\">Un lever de soleil depuis l\u2019Albaic\u00edn est une exp\u00e9rience que je vous conseille, en \u00e9vitant le pathos familial si possible \u2026<\/p>\n<p style=\"text-align: justify;\">Lorsqu\u2019il a fallu trouver un nom de marque pour ma petite entreprise,\u00a0<a href=\"https:\/\/albaicin.fr\/\">Albaic\u00edn<\/a> a ressurgi simplement avec une belle \u00e9vidence. Et tant pis si cela ne cadrait pas avec les sigles en vogue dans la mode.<\/p>\n[\/vc_column_text][\/vc_column_inner][\/vc_row_inner][vc_separator color=\u00a0\u00bbcustom\u00a0\u00bb border_width=\u00a0\u00bb2&Prime; accent_color=\u00a0\u00bb#811013&Prime;][\/vc_column][\/vc_row]\n<\/div>","protected":false},"excerpt":{"rendered":"<p>[vc_row][vc_column][\/vc_column][\/vc_row][vc_row][vc_column width=\u00a0\u00bb1\/3&Prime;][vc_column_text css=\u00a0\u00bb\u00a0\u00bb] Parcours de reconversion Enseignante sp\u00e9cialis\u00e9e aupr\u00e8s d\u2019\u00e9l\u00e8ves en difficult\u00e9 scolaire durant 26 ans, j\u2019ai commenc\u00e9 \u00e0 m&rsquo;int\u00e9resser s\u00e9rieusement \u00e0 la maroquinerie en 2012. C\u2019est \u00e0 l\u2019occasion de plusieurs stages en Haute-Sa\u00f4ne, que Martine Anselmino, formatrice de futures &hellip; <a class=\"kt-excerpt-readmore\" href=\"https:\/\/albaicin.fr\/index.php\/parcours\/\" aria-label=\"Parcours de l&rsquo;artisane\">Lire plus<\/a><\/p>\n","protected":false},"author":1,"featured_media":9784,"parent":0,"menu_order":0,"comment_status":"closed","ping_status":"closed","template":"page-fullwidth.php","meta":{"footnotes":""},"class_list":["post-8710","page","type-page","status-publish","has-post-thumbnail","hentry"],"yoast_head":"<!-- This site is optimized with the Yoast SEO plugin v27.4 - https:\/\/yoast.com\/product\/yoast-seo-wordpress\/ -->\n<title>parcours<\/title>\n<meta name=\"description\" content=\"Parcours de reconversion en maroquinerie. Artisane en maroquinerie install\u00e9e en Finist\u00e8re sud. Collection de sacs pratiques et \u00e9l\u00e9gants.\" \/>\n<meta name=\"robots\" content=\"index, follow, max-snippet:-1, max-image-preview:large, max-video-preview:-1\" \/>\n<link rel=\"canonical\" href=\"https:\/\/albaicin.fr\/index.php\/parcours\/\" \/>\n<meta property=\"og:locale\" content=\"fr_FR\" \/>\n<meta property=\"og:type\" content=\"article\" \/>\n<meta property=\"og:title\" content=\"parcours\" \/>\n<meta property=\"og:description\" content=\"Parcours de reconversion en maroquinerie. Artisane en maroquinerie install\u00e9e en Finist\u00e8re sud. Collection de sacs pratiques et \u00e9l\u00e9gants.\" \/>\n<meta property=\"og:url\" content=\"https:\/\/albaicin.fr\/index.php\/parcours\/\" \/>\n<meta property=\"og:site_name\" content=\"albaicin\" \/>\n<meta property=\"article:modified_time\" content=\"2025-07-22T15:20:44+00:00\" \/>\n<meta property=\"og:image\" content=\"https:\/\/albaicin.fr\/wp-content\/uploads\/2022\/06\/A7_4656-1080L-x-720-op.jpg\" \/>\n\t<meta property=\"og:image:width\" content=\"1080\" \/>\n\t<meta property=\"og:image:height\" content=\"720\" \/>\n\t<meta property=\"og:image:type\" content=\"image\/jpeg\" \/>\n<meta name=\"twitter:card\" content=\"summary_large_image\" \/>\n<meta name=\"twitter:label1\" content=\"Dur\u00e9e de lecture estim\u00e9e\" \/>\n\t<meta name=\"twitter:data1\" content=\"2 minutes\" \/>\n<script type=\"application\/ld+json\" class=\"yoast-schema-graph\">{\"@context\":\"https:\\\/\\\/schema.org\",\"@graph\":[{\"@type\":\"WebPage\",\"@id\":\"https:\\\/\\\/albaicin.fr\\\/index.php\\\/parcours\\\/\",\"url\":\"https:\\\/\\\/albaicin.fr\\\/index.php\\\/parcours\\\/\",\"name\":\"parcours\",\"isPartOf\":{\"@id\":\"https:\\\/\\\/albaicin.fr\\\/#website\"},\"primaryImageOfPage\":{\"@id\":\"https:\\\/\\\/albaicin.fr\\\/index.php\\\/parcours\\\/#primaryimage\"},\"image\":{\"@id\":\"https:\\\/\\\/albaicin.fr\\\/index.php\\\/parcours\\\/#primaryimage\"},\"thumbnailUrl\":\"https:\\\/\\\/albaicin.fr\\\/wp-content\\\/uploads\\\/2022\\\/06\\\/A7_4656-1080L-x-720-op.jpg\",\"datePublished\":\"2021-10-27T18:12:54+00:00\",\"dateModified\":\"2025-07-22T15:20:44+00:00\",\"description\":\"Parcours de reconversion en maroquinerie. Artisane en maroquinerie install\u00e9e en Finist\u00e8re sud. Collection de sacs pratiques et \u00e9l\u00e9gants.\",\"breadcrumb\":{\"@id\":\"https:\\\/\\\/albaicin.fr\\\/index.php\\\/parcours\\\/#breadcrumb\"},\"inLanguage\":\"fr-FR\",\"potentialAction\":[{\"@type\":\"ReadAction\",\"target\":[\"https:\\\/\\\/albaicin.fr\\\/index.php\\\/parcours\\\/\"]}]},{\"@type\":\"ImageObject\",\"inLanguage\":\"fr-FR\",\"@id\":\"https:\\\/\\\/albaicin.fr\\\/index.php\\\/parcours\\\/#primaryimage\",\"url\":\"https:\\\/\\\/albaicin.fr\\\/wp-content\\\/uploads\\\/2022\\\/06\\\/A7_4656-1080L-x-720-op.jpg\",\"contentUrl\":\"https:\\\/\\\/albaicin.fr\\\/wp-content\\\/uploads\\\/2022\\\/06\\\/A7_4656-1080L-x-720-op.jpg\",\"width\":1080,\"height\":720,\"caption\":\"parcours\"},{\"@type\":\"BreadcrumbList\",\"@id\":\"https:\\\/\\\/albaicin.fr\\\/index.php\\\/parcours\\\/#breadcrumb\",\"itemListElement\":[{\"@type\":\"ListItem\",\"position\":1,\"name\":\"Accueil\",\"item\":\"https:\\\/\\\/albaicin.fr\\\/\"},{\"@type\":\"ListItem\",\"position\":2,\"name\":\"Parcours de l&rsquo;artisane\"}]},{\"@type\":\"WebSite\",\"@id\":\"https:\\\/\\\/albaicin.fr\\\/#website\",\"url\":\"https:\\\/\\\/albaicin.fr\\\/\",\"name\":\"albaicin\",\"description\":\"Un site utilisant WordPress\",\"potentialAction\":[{\"@type\":\"SearchAction\",\"target\":{\"@type\":\"EntryPoint\",\"urlTemplate\":\"https:\\\/\\\/albaicin.fr\\\/?s={search_term_string}\"},\"query-input\":{\"@type\":\"PropertyValueSpecification\",\"valueRequired\":true,\"valueName\":\"search_term_string\"}}],\"inLanguage\":\"fr-FR\"}]}<\/script>\n<!-- \/ Yoast SEO plugin. -->","yoast_head_json":{"title":"parcours","description":"Parcours de reconversion en maroquinerie. Artisane en maroquinerie install\u00e9e en Finist\u00e8re sud. Collection de sacs pratiques et \u00e9l\u00e9gants.","robots":{"index":"index","follow":"follow","max-snippet":"max-snippet:-1","max-image-preview":"max-image-preview:large","max-video-preview":"max-video-preview:-1"},"canonical":"https:\/\/albaicin.fr\/index.php\/parcours\/","og_locale":"fr_FR","og_type":"article","og_title":"parcours","og_description":"Parcours de reconversion en maroquinerie. Artisane en maroquinerie install\u00e9e en Finist\u00e8re sud. Collection de sacs pratiques et \u00e9l\u00e9gants.","og_url":"https:\/\/albaicin.fr\/index.php\/parcours\/","og_site_name":"albaicin","article_modified_time":"2025-07-22T15:20:44+00:00","og_image":[{"width":1080,"height":720,"url":"https:\/\/albaicin.fr\/wp-content\/uploads\/2022\/06\/A7_4656-1080L-x-720-op.jpg","type":"image\/jpeg"}],"twitter_card":"summary_large_image","twitter_misc":{"Dur\u00e9e de lecture estim\u00e9e":"2 minutes"},"schema":{"@context":"https:\/\/schema.org","@graph":[{"@type":"WebPage","@id":"https:\/\/albaicin.fr\/index.php\/parcours\/","url":"https:\/\/albaicin.fr\/index.php\/parcours\/","name":"parcours","isPartOf":{"@id":"https:\/\/albaicin.fr\/#website"},"primaryImageOfPage":{"@id":"https:\/\/albaicin.fr\/index.php\/parcours\/#primaryimage"},"image":{"@id":"https:\/\/albaicin.fr\/index.php\/parcours\/#primaryimage"},"thumbnailUrl":"https:\/\/albaicin.fr\/wp-content\/uploads\/2022\/06\/A7_4656-1080L-x-720-op.jpg","datePublished":"2021-10-27T18:12:54+00:00","dateModified":"2025-07-22T15:20:44+00:00","description":"Parcours de reconversion en maroquinerie. Artisane en maroquinerie install\u00e9e en Finist\u00e8re sud. Collection de sacs pratiques et \u00e9l\u00e9gants.","breadcrumb":{"@id":"https:\/\/albaicin.fr\/index.php\/parcours\/#breadcrumb"},"inLanguage":"fr-FR","potentialAction":[{"@type":"ReadAction","target":["https:\/\/albaicin.fr\/index.php\/parcours\/"]}]},{"@type":"ImageObject","inLanguage":"fr-FR","@id":"https:\/\/albaicin.fr\/index.php\/parcours\/#primaryimage","url":"https:\/\/albaicin.fr\/wp-content\/uploads\/2022\/06\/A7_4656-1080L-x-720-op.jpg","contentUrl":"https:\/\/albaicin.fr\/wp-content\/uploads\/2022\/06\/A7_4656-1080L-x-720-op.jpg","width":1080,"height":720,"caption":"parcours"},{"@type":"BreadcrumbList","@id":"https:\/\/albaicin.fr\/index.php\/parcours\/#breadcrumb","itemListElement":[{"@type":"ListItem","position":1,"name":"Accueil","item":"https:\/\/albaicin.fr\/"},{"@type":"ListItem","position":2,"name":"Parcours de l&rsquo;artisane"}]},{"@type":"WebSite","@id":"https:\/\/albaicin.fr\/#website","url":"https:\/\/albaicin.fr\/","name":"albaicin","description":"Un site utilisant WordPress","potentialAction":[{"@type":"SearchAction","target":{"@type":"EntryPoint","urlTemplate":"https:\/\/albaicin.fr\/?s={search_term_string}"},"query-input":{"@type":"PropertyValueSpecification","valueRequired":true,"valueName":"search_term_string"}}],"inLanguage":"fr-FR"}]}},"_links":{"self":[{"href":"https:\/\/albaicin.fr\/index.php\/wp-json\/wp\/v2\/pages\/8710","targetHints":{"allow":["GET"]}}],"collection":[{"href":"https:\/\/albaicin.fr\/index.php\/wp-json\/wp\/v2\/pages"}],"about":[{"href":"https:\/\/albaicin.fr\/index.php\/wp-json\/wp\/v2\/types\/page"}],"author":[{"embeddable":true,"href":"https:\/\/albaicin.fr\/index.php\/wp-json\/wp\/v2\/users\/1"}],"replies":[{"embeddable":true,"href":"https:\/\/albaicin.fr\/index.php\/wp-json\/wp\/v2\/comments?post=8710"}],"version-history":[{"count":73,"href":"https:\/\/albaicin.fr\/index.php\/wp-json\/wp\/v2\/pages\/8710\/revisions"}],"predecessor-version":[{"id":11800,"href":"https:\/\/albaicin.fr\/index.php\/wp-json\/wp\/v2\/pages\/8710\/revisions\/11800"}],"wp:featuredmedia":[{"embeddable":true,"href":"https:\/\/albaicin.fr\/index.php\/wp-json\/wp\/v2\/media\/9784"}],"wp:attachment":[{"href":"https:\/\/albaicin.fr\/index.php\/wp-json\/wp\/v2\/media?parent=8710"}],"curies":[{"name":"wp","href":"https:\/\/api.w.org\/{rel}","templated":true}]}}