{"id":9132,"date":"2021-11-26T17:54:27","date_gmt":"2021-11-26T16:54:27","guid":{"rendered":"https:\/\/albaicin.fr\/?page_id=9132"},"modified":"2025-12-08T23:53:30","modified_gmt":"2025-12-08T22:53:30","slug":"atelier","status":"publish","type":"page","link":"https:\/\/albaicin.fr\/","title":{"rendered":"Atelier albaic\u00edn"},"content":{"rendered":"<div class=\"wpb-content-wrapper\">[vc_row content_placement=\u00a0\u00bbmiddle\u00a0\u00bb][vc_column][vc_gallery interval=\u00a0\u00bb3&Prime; images=\u00a0\u00bb11089,11095,11085,11094,11088,11087,11084,11083&Prime; img_size=\u00a0\u00bbfull\u00a0\u00bb css=\u00a0\u00bb\u00a0\u00bb][vc_separator css=\u00a0\u00bb\u00a0\u00bb][\/vc_column][\/vc_row][vc_row][vc_column width=\u00a0\u00bb1\/2&Prime;][vc_single_image image=\u00a0\u00bb11098&Prime; img_size=\u00a0\u00bb1024&#215;819&Prime; css=\u00a0\u00bb\u00a0\u00bb][vc_separator css=\u00a0\u00bb\u00a0\u00bb][vc_single_image image=\u00a0\u00bb11122&Prime; img_size=\u00a0\u00bb1200&#215;900&Prime; css=\u00a0\u00bb\u00a0\u00bb][\/vc_column][vc_column width=\u00a0\u00bb1\/2&Prime;][vc_column_text css=\u00a0\u00bb\u00a0\u00bb]\n<h2><span style=\"color: #811013;\"><strong>Albaic\u00edn, atelier de maroquinerie artisanale<\/strong><\/span><\/h2>\n<h4 style=\"text-align: justify;\">Dans mon atelier situ\u00e9 \u00e0 Plomeur, dans le Finist\u00e8re sud, je fa\u00e7onne depuis plus de 10 ans des cr\u00e9ations uniques en cuir. Dipl\u00f4m\u00e9e en 2014, j&rsquo;ai perfectionn\u00e9 mon savoir-faire gr\u00e2ce \u00e0 des stages aupr\u00e8s d&rsquo;une ancienne \u00e9l\u00e8ve de Robert Boudard, figure embl\u00e9matique de la sellerie-maroquinerie en pays de Montb\u00e9liard. J&rsquo;ai \u00e9galement suivi une formation au sein d&rsquo;un lyc\u00e9e professionnel parisien, o\u00f9 j&rsquo;ai obtenu mon CAP en maroquinerie, d\u00e9veloppant une expertise particuli\u00e8re dans la \u00ab\u00a0petite maroquinerie\u00a0\u00bb : portefeuilles, ceintures, et autres objets n\u00e9cessitant une grande minutie.<\/h4>\n<h4 style=\"text-align: justify;\">Avant de me consacrer au cuir, je r\u00e9alisais mes propres patrons et confectionnais mes v\u00eatements, un plaisir qui m&rsquo;a appris \u00e0 jouer avec les mati\u00e8res et les formes. Depuis trois ans, j&rsquo;ai lanc\u00e9 ma propre ligne d&rsquo;accessoires de mode et me consacre exclusivement \u00e0 la maroquinerie.<\/h4>\n<h4 style=\"text-align: justify;\">Je suis anim\u00e9e par la passion de transformer ce mat\u00e9riau noble en accessoires uniques.<\/h4>\n<h4 style=\"text-align: justify;\">Chaque cr\u00e9ation est pens\u00e9e pour faire r\u00e9sonner <strong>textures et couleurs<\/strong>, qu&rsquo;elles soient \u00e9clatantes ou plus classiques. Mon objectif est de proposer des pi\u00e8ces non seulement esth\u00e9tiques, mais aussi <strong>fonctionnelles<\/strong>.<\/h4>\n<h4 style=\"text-align: justify;\">Je privil\u00e9gie des <strong>cuirs <em>pleine fleur<\/em>*<\/strong> provenant de stocks de grandes maisons. Les consommables et la bouclerie utilis\u00e9s sont g\u00e9n\u00e9ralement fabriqu\u00e9s en Italie, gage de qualit\u00e9 et de durabilit\u00e9. Intransigeante sur les <strong>finitions<\/strong>, je veille \u00e0 soigner chaque d\u00e9tail pour garantir la long\u00e9vit\u00e9 de l&rsquo;objet.<\/h4>\n<h4 style=\"text-align: justify;\">Anne<\/h4>\n<p style=\"text-align: justify;\">*<em>Que recouvre l&rsquo;appellation \u00ab\u00a0pleine fleur\u00a0\u00bb ?<\/em><\/p>\n<p style=\"text-align: justify;\"><strong><em>Le cuir pleine fleur<\/em><\/strong><em>\u00a0est consid\u00e9r\u00e9 comme l&rsquo;une des qualit\u00e9s les plus haut de gamme en maroquinerie. Ce terme d\u00e9signe la couche sup\u00e9rieure de la peau, qui est la partie la plus noble et la plus r\u00e9sistante. Contrairement \u00e0 d&rsquo;autres types de cuir, le cuir pleine fleur conserve sa surface naturelle, o\u00f9 l&rsquo;on peut parfois distinguer les petites imperfections, comme les grains ou les marques naturelles.<\/em><\/p>\n<p style=\"text-align: justify;\"><em>Ces particularit\u00e9s en font un mat\u00e9riau authentique et unique. Le cuir pleine fleur n&rsquo;est pas ponc\u00e9 ni corrig\u00e9, ce qui lui permet de conserver toute sa solidit\u00e9 et son toucher soyeux. Avec le temps, il d\u00e9veloppe une patine remarquable, ajoutant encore plus de caract\u00e8re \u00e0 l&rsquo;objet.<\/em><\/p>\n<p style=\"text-align: justify;\"><em>Choisir un cuir pleine fleur, c&rsquo;est opter pour la durabilit\u00e9, la beaut\u00e9 naturelle et la qualit\u00e9 sup\u00e9rieure. C&rsquo;est aussi un gage de long\u00e9vit\u00e9, car ce cuir est con\u00e7u pour vieillir avec \u00e9l\u00e9gance tout en conservant sa robustesse.<\/em><\/p>\n[\/vc_column_text][\/vc_column][\/vc_row][vc_row][vc_column][vc_column_text css=\u00a0\u00bb\u00a0\u00bb]\n<h4 style=\"text-align: center;\">En dehors de la saison estivale, je r\u00e9alise toujours des mod\u00e8les <strong>sur-mesure<\/strong>, \u00e0 partir de vos besoins et envies.<\/h4>\n<h4 style=\"text-align: center;\">Chaque cr\u00e9ation est une v\u00e9ritable rencontre entre votre personnalit\u00e9 et mon savoir-faire.<\/h4>\n<h4 style=\"text-align: center;\">Bienvenue chez <strong>Albaic\u00edn<\/strong>, o\u00f9 chaque pi\u00e8ce raconte une histoire unique, fa\u00e7onn\u00e9e avec soin dans mon atelier de Plomeur.<\/h4>\n[\/vc_column_text][vc_separator color=\u00a0\u00bbcustom\u00a0\u00bb css=\u00a0\u00bb\u00a0\u00bb accent_color=\u00a0\u00bb#811013&Prime;][\/vc_column][\/vc_row][vc_row][vc_column][vc_column_text css=\u00a0\u00bb\u00a0\u00bb]\n<h3 style=\"text-align: center;\"><a href=\"https:\/\/albaicin.fr\/index.php\/boutique-albaicin\/\" target=\"_blank\" rel=\"noopener\"><span style=\"color: #811013;\">La boutique en ligne est ouverte !!!<\/span><\/a><\/h3>\n<h3 style=\"text-align: center;\"><span style=\"color: #811013;\"><a href=\"https:\/\/albaicin.fr\/index.php\/creations-marches\/\" target=\"_blank\" rel=\"noopener\">Abonnez-vous<\/a> et b\u00e9n\u00e9ficiez de la livraison gratuite sans minimum d&rsquo;achat, toute l&rsquo;ann\u00e9e !<\/span><\/h3>\n<p style=\"text-align: center;\"><span style=\"font-size: 14pt;\"><span style=\"color: inherit; font-family: inherit;\">Les cr\u00e9ations ne sont pas toutes en ligne et le site va encore \u00e9voluer :<\/span>\u00a0des photos d&rsquo;atelier et des informations sur le m\u00e9tier.<\/span><\/p>\n[\/vc_column_text][\/vc_column][\/vc_row][vc_row][vc_column][vc_column_text css=\u00a0\u00bb.vc_custom_1755424651228{background-color: #811013 !important;}\u00a0\u00bb]\n<h3 style=\"text-align: center;\"><span style=\"color: #ffffff;\">Acc\u00e8s direct aux collections de la boutique<\/span><\/h3>\n[\/vc_column_text][\/vc_column][\/vc_row][vc_row][vc_column width=\u00a0\u00bb1\/4&Prime;][vc_single_image image=\u00a0\u00bb12012&Prime; img_size=\u00a0\u00bb675&#215;900&Prime; add_caption=\u00a0\u00bbyes\u00a0\u00bb alignment=\u00a0\u00bbcenter\u00a0\u00bb onclick=\u00a0\u00bbcustom_link\u00a0\u00bb img_link_target=\u00a0\u00bb_blank\u00a0\u00bb css=\u00a0\u00bb\u00a0\u00bb title=\u00a0\u00bbPaulo\u00a0\u00bb link=\u00a0\u00bbhttps:\/\/albaicin.fr\/index.php\/produit\/polochon\/\u00a0\u00bb][\/vc_column][vc_column width=\u00a0\u00bb1\/4&Prime;][vc_single_image image=\u00a0\u00bb12014&Prime; img_size=\u00a0\u00bb675&#215;900&Prime; add_caption=\u00a0\u00bbyes\u00a0\u00bb alignment=\u00a0\u00bbcenter\u00a0\u00bb onclick=\u00a0\u00bbcustom_link\u00a0\u00bb img_link_target=\u00a0\u00bb_blank\u00a0\u00bb css=\u00a0\u00bb\u00a0\u00bb title=\u00a0\u00bbPetite Sacoche Mixte\u00a0\u00bb link=\u00a0\u00bbhttps:\/\/albaicin.fr\/index.php\/produit\/petite-sacoche-mixte\/\u00a0\u00bb][\/vc_column][vc_column width=\u00a0\u00bb1\/4&Prime;][vc_single_image image=\u00a0\u00bb12007&Prime; img_size=\u00a0\u00bb675&#215;900&Prime; add_caption=\u00a0\u00bbyes\u00a0\u00bb alignment=\u00a0\u00bbcenter\u00a0\u00bb onclick=\u00a0\u00bbcustom_link\u00a0\u00bb img_link_target=\u00a0\u00bb_blank\u00a0\u00bb css=\u00a0\u00bb\u00a0\u00bb title=\u00a0\u00bbLulu \u00e9tui \u00e0 lunettes\u00a0\u00bb link=\u00a0\u00bbhttps:\/\/albaicin.fr\/index.php\/produit\/etui-lunettes\/\u00a0\u00bb][\/vc_column][vc_column width=\u00a0\u00bb1\/4&Prime;][vc_single_image image=\u00a0\u00bb11654&Prime; img_size=\u00a0\u00bb675&#215;900&Prime; add_caption=\u00a0\u00bbyes\u00a0\u00bb alignment=\u00a0\u00bbcenter\u00a0\u00bb onclick=\u00a0\u00bbcustom_link\u00a0\u00bb img_link_target=\u00a0\u00bb_blank\u00a0\u00bb css=\u00a0\u00bb\u00a0\u00bb title=\u00a0\u00bbEtui de t\u00e9l\u00e9phone\u00a0\u00bb link=\u00a0\u00bbhttp:\/\/albaicin.fr\/index.php\/etui-telephone\/\u00a0\u00bb][\/vc_column][\/vc_row][vc_row][vc_column width=\u00a0\u00bb1\/4&Prime;][vc_single_image image=\u00a0\u00bb12016&Prime; img_size=\u00a0\u00bb675&#215;900&Prime; add_caption=\u00a0\u00bbyes\u00a0\u00bb alignment=\u00a0\u00bbcenter\u00a0\u00bb onclick=\u00a0\u00bbcustom_link\u00a0\u00bb img_link_target=\u00a0\u00bb_blank\u00a0\u00bb css=\u00a0\u00bb\u00a0\u00bb title=\u00a0\u00bbSuave\u00a0\u00bb link=\u00a0\u00bbhttps:\/\/albaicin.fr\/index.php\/produit\/sac-moelleux\/\u00a0\u00bb][\/vc_column][vc_column width=\u00a0\u00bb1\/4&Prime;][vc_single_image image=\u00a0\u00bb11646&Prime; img_size=\u00a0\u00bb675&#215;900&Prime; add_caption=\u00a0\u00bbyes\u00a0\u00bb alignment=\u00a0\u00bbcenter\u00a0\u00bb onclick=\u00a0\u00bbcustom_link\u00a0\u00bb img_link_target=\u00a0\u00bb_blank\u00a0\u00bb css=\u00a0\u00bb\u00a0\u00bb title=\u00a0\u00bbBihan\u00a0\u00bb link=\u00a0\u00bbhttps:\/\/albaicin.fr\/index.php\/pochettes-nubuck\/\u00a0\u00bb][\/vc_column][vc_column width=\u00a0\u00bb1\/4&Prime;][vc_single_image image=\u00a0\u00bb12018&Prime; img_size=\u00a0\u00bb675&#215;900&Prime; add_caption=\u00a0\u00bbyes\u00a0\u00bb alignment=\u00a0\u00bbcenter\u00a0\u00bb onclick=\u00a0\u00bbcustom_link\u00a0\u00bb img_link_target=\u00a0\u00bb_blank\u00a0\u00bb css=\u00a0\u00bb\u00a0\u00bb title=\u00a0\u00bbWego l&rsquo;\u00e9tui de gourde\u00a0\u00bb link=\u00a0\u00bbhttps:\/\/albaicin.fr\/index.php\/produit\/gourde\/\u00a0\u00bb][\/vc_column][vc_column width=\u00a0\u00bb1\/4&Prime;][vc_single_image image=\u00a0\u00bb11659&Prime; img_size=\u00a0\u00bb675&#215;900&Prime; add_caption=\u00a0\u00bbyes\u00a0\u00bb alignment=\u00a0\u00bbcenter\u00a0\u00bb onclick=\u00a0\u00bbcustom_link\u00a0\u00bb img_link_target=\u00a0\u00bb_blank\u00a0\u00bb css=\u00a0\u00bb\u00a0\u00bb title=\u00a0\u00bbSac Compact\u00a0\u00bb link=\u00a0\u00bbhttps:\/\/albaicin.fr\/index.php\/produit\/sac-compact\/\u00a0\u00bb][\/vc_column][\/vc_row][vc_row][vc_column width=\u00a0\u00bb1\/4&Prime;][vc_single_image image=\u00a0\u00bb12069&Prime; img_size=\u00a0\u00bb675&#215;900&Prime; add_caption=\u00a0\u00bbyes\u00a0\u00bb alignment=\u00a0\u00bbcenter\u00a0\u00bb onclick=\u00a0\u00bbcustom_link\u00a0\u00bb img_link_target=\u00a0\u00bb_blank\u00a0\u00bb css=\u00a0\u00bb\u00a0\u00bb title=\u00a0\u00bbMix-In #1 trio\u00a0\u00bb link=\u00a0\u00bbhttps:\/\/albaicin.fr\/index.php\/produit\/banane\/\u00a0\u00bb][\/vc_column][vc_column width=\u00a0\u00bb1\/4&Prime;][vc_single_image image=\u00a0\u00bb11652&Prime; img_size=\u00a0\u00bb675&#215;900&Prime; alignment=\u00a0\u00bbcenter\u00a0\u00bb onclick=\u00a0\u00bbcustom_link\u00a0\u00bb img_link_target=\u00a0\u00bb_blank\u00a0\u00bb css=\u00a0\u00bb\u00a0\u00bb title=\u00a0\u00bbPorte-Monnaie\u00a0\u00bb link=\u00a0\u00bbhttps:\/\/albaicin.fr\/index.php\/produit\/porte-monnaie\/\u00a0\u00bb][\/vc_column][vc_column width=\u00a0\u00bb1\/4&Prime;][vc_single_image image=\u00a0\u00bb12020&Prime; img_size=\u00a0\u00bb675&#215;900&Prime; add_caption=\u00a0\u00bbyes\u00a0\u00bb alignment=\u00a0\u00bbcenter\u00a0\u00bb onclick=\u00a0\u00bbcustom_link\u00a0\u00bb img_link_target=\u00a0\u00bb_blank\u00a0\u00bb css=\u00a0\u00bb\u00a0\u00bb title=\u00a0\u00bbJune la besace\u00a0\u00bb link=\u00a0\u00bbhttp:\/\/albaicin.fr\/index.php\/sacs-banane\/\u00a0\u00bb][\/vc_column][vc_column width=\u00a0\u00bb1\/4&Prime;][vc_single_image image=\u00a0\u00bb12072&Prime; img_size=\u00a0\u00bb675&#215;900&Prime; alignment=\u00a0\u00bbcenter\u00a0\u00bb css=\u00a0\u00bb\u00a0\u00bb title=\u00a0\u00bbPortefeuille &#8211; A suivre\u00a0\u00bb][\/vc_column][\/vc_row][vc_row][vc_column width=\u00a0\u00bb1\/4&Prime;][vc_single_image image=\u00a0\u00bb12134&Prime; img_size=\u00a0\u00bb675&#215;900&Prime; alignment=\u00a0\u00bbcenter\u00a0\u00bb css=\u00a0\u00bb\u00a0\u00bb title=\u00a0\u00bbEtui ceinture \u00e0 venir &#8230;\u00a0\u00bb][\/vc_column][vc_column width=\u00a0\u00bb1\/4&Prime;][vc_single_image image=\u00a0\u00bb12139&Prime; img_size=\u00a0\u00bb675&#215;900&Prime; add_caption=\u00a0\u00bbyes\u00a0\u00bb alignment=\u00a0\u00bbcenter\u00a0\u00bb css=\u00a0\u00bb\u00a0\u00bb title=\u00a0\u00bbCabas \u00e0 venir\u00a0\u00bb][\/vc_column][vc_column width=\u00a0\u00bb1\/2&Prime;][vc_column_text css=\u00a0\u00bb\u00a0\u00bb]\n<h4><\/h4>\n<h4><span style=\"color: #811013;\">T\u00e9moignage :<\/span><\/h4>\n<p>&nbsp;<\/p>\n<h5 style=\"text-align: justify;\"><em>\u00ab\u00a0Les sacs d\u2019Anne m\u2019accompagnent tous les jours ; je ne m\u2019en lasse pas, ils ne s\u2019usent pas. Tout est bien, les cuirs, la conception, la fabrication jusqu\u2019aux finitions, l\u2019alliance des couleurs. Ils sont pratiques et malins.<\/em><\/h5>\n<h5 style=\"text-align: justify;\"><em>Il ne faut pas s\u2019en priver.<\/em><\/h5>\n<h5 style=\"text-align: justify;\"><em>Et si vous avez la chance de passer dans son atelier, vous savourez l\u2019ambiance.\u00a0\u00bb<\/em><\/h5>\n<h5><em>Martine (Entre Paris et Pays bigouden)<\/em><\/h5>\n[\/vc_column_text][\/vc_column][\/vc_row]\n<\/div>","protected":false},"excerpt":{"rendered":"<p>[vc_row content_placement=\u00a0\u00bbmiddle\u00a0\u00bb][vc_column][vc_gallery interval=\u00a0\u00bb3&Prime; images=\u00a0\u00bb11089,11095,11085,11094,11088,11087,11084,11083&Prime; img_size=\u00a0\u00bbfull\u00a0\u00bb css=\u00a0\u00bb\u00a0\u00bb][vc_separator css=\u00a0\u00bb\u00a0\u00bb][\/vc_column][\/vc_row][vc_row][vc_column width=\u00a0\u00bb1\/2&Prime;][vc_single_image image=\u00a0\u00bb11098&Prime; img_size=\u00a0\u00bb1024&#215;819&Prime; css=\u00a0\u00bb\u00a0\u00bb][vc_separator css=\u00a0\u00bb\u00a0\u00bb][vc_single_image image=\u00a0\u00bb11122&Prime; img_size=\u00a0\u00bb1200&#215;900&Prime; css=\u00a0\u00bb\u00a0\u00bb][\/vc_column][vc_column width=\u00a0\u00bb1\/2&Prime;][vc_column_text css=\u00a0\u00bb\u00a0\u00bb] Albaic\u00edn, atelier de maroquinerie artisanale Dans mon atelier situ\u00e9 \u00e0 Plomeur, dans le Finist\u00e8re sud, je fa\u00e7onne depuis plus de 10 ans des &hellip; <a class=\"kt-excerpt-readmore\" href=\"https:\/\/albaicin.fr\/\" aria-label=\"Atelier albaic\u00edn\">Lire plus<\/a><\/p>\n","protected":false},"author":1,"featured_media":11756,"parent":0,"menu_order":0,"comment_status":"closed","ping_status":"closed","template":"page-fullwidth.php","meta":{"footnotes":""},"class_list":["post-9132","page","type-page","status-publish","has-post-thumbnail","hentry"],"yoast_head":"<!-- This site is optimized with the Yoast SEO plugin v27.2 - https:\/\/yoast.com\/product\/yoast-seo-wordpress\/ -->\n<title>atelier<\/title>\n<meta name=\"description\" content=\"Dans mon atelier de Plomeur, je confectionne avec passion des accessoires en cuir pleine fleur pour vous accompagner au quotidien.\" \/>\n<meta name=\"robots\" content=\"index, follow, max-snippet:-1, max-image-preview:large, max-video-preview:-1\" \/>\n<link rel=\"canonical\" href=\"https:\/\/albaicin.fr\/\" \/>\n<meta property=\"og:locale\" content=\"fr_FR\" \/>\n<meta property=\"og:type\" content=\"article\" \/>\n<meta property=\"og:title\" content=\"atelier\" \/>\n<meta property=\"og:description\" content=\"Dans mon atelier de Plomeur, je confectionne avec passion des accessoires en cuir pleine fleur pour vous accompagner au quotidien.\" \/>\n<meta property=\"og:url\" content=\"https:\/\/albaicin.fr\/\" \/>\n<meta property=\"og:site_name\" content=\"albaicin\" \/>\n<meta property=\"article:modified_time\" content=\"2025-12-08T22:53:30+00:00\" \/>\n<meta property=\"og:image\" content=\"https:\/\/albaicin.fr\/wp-content\/uploads\/2024\/12\/Portrait-Anne-Marche.jpg\" \/>\n\t<meta property=\"og:image:width\" content=\"800\" \/>\n\t<meta property=\"og:image:height\" content=\"800\" \/>\n\t<meta property=\"og:image:type\" content=\"image\/jpeg\" \/>\n<meta name=\"twitter:card\" content=\"summary_large_image\" \/>\n<meta name=\"twitter:label1\" content=\"Dur\u00e9e de lecture estim\u00e9e\" \/>\n\t<meta name=\"twitter:data1\" content=\"3 minutes\" \/>\n<script type=\"application\/ld+json\" class=\"yoast-schema-graph\">{\"@context\":\"https:\/\/schema.org\",\"@graph\":[{\"@type\":\"WebPage\",\"@id\":\"https:\/\/albaicin.fr\/\",\"url\":\"https:\/\/albaicin.fr\/\",\"name\":\"atelier\",\"isPartOf\":{\"@id\":\"https:\/\/albaicin.fr\/#website\"},\"primaryImageOfPage\":{\"@id\":\"https:\/\/albaicin.fr\/#primaryimage\"},\"image\":{\"@id\":\"https:\/\/albaicin.fr\/#primaryimage\"},\"thumbnailUrl\":\"https:\/\/albaicin.fr\/wp-content\/uploads\/2024\/12\/Portrait-Anne-Marche.jpg\",\"datePublished\":\"2021-11-26T16:54:27+00:00\",\"dateModified\":\"2025-12-08T22:53:30+00:00\",\"description\":\"Dans mon atelier de Plomeur, je confectionne avec passion des accessoires en cuir pleine fleur pour vous accompagner au quotidien.\",\"breadcrumb\":{\"@id\":\"https:\/\/albaicin.fr\/#breadcrumb\"},\"inLanguage\":\"fr-FR\",\"potentialAction\":[{\"@type\":\"ReadAction\",\"target\":[\"https:\/\/albaicin.fr\/\"]}]},{\"@type\":\"ImageObject\",\"inLanguage\":\"fr-FR\",\"@id\":\"https:\/\/albaicin.fr\/#primaryimage\",\"url\":\"https:\/\/albaicin.fr\/wp-content\/uploads\/2024\/12\/Portrait-Anne-Marche.jpg\",\"contentUrl\":\"https:\/\/albaicin.fr\/wp-content\/uploads\/2024\/12\/Portrait-Anne-Marche.jpg\",\"width\":800,\"height\":800,\"caption\":\"atelier\"},{\"@type\":\"BreadcrumbList\",\"@id\":\"https:\/\/albaicin.fr\/#breadcrumb\",\"itemListElement\":[{\"@type\":\"ListItem\",\"position\":1,\"name\":\"Accueil\",\"item\":\"https:\/\/albaicin.fr\/\"},{\"@type\":\"ListItem\",\"position\":2,\"name\":\"Atelier albaic\u00edn\"}]},{\"@type\":\"WebSite\",\"@id\":\"https:\/\/albaicin.fr\/#website\",\"url\":\"https:\/\/albaicin.fr\/\",\"name\":\"albaicin\",\"description\":\"Un site utilisant WordPress\",\"potentialAction\":[{\"@type\":\"SearchAction\",\"target\":{\"@type\":\"EntryPoint\",\"urlTemplate\":\"https:\/\/albaicin.fr\/?s={search_term_string}\"},\"query-input\":{\"@type\":\"PropertyValueSpecification\",\"valueRequired\":true,\"valueName\":\"search_term_string\"}}],\"inLanguage\":\"fr-FR\"}]}<\/script>\n<!-- \/ Yoast SEO plugin. -->","yoast_head_json":{"title":"atelier","description":"Dans mon atelier de Plomeur, je confectionne avec passion des accessoires en cuir pleine fleur pour vous accompagner au quotidien.","robots":{"index":"index","follow":"follow","max-snippet":"max-snippet:-1","max-image-preview":"max-image-preview:large","max-video-preview":"max-video-preview:-1"},"canonical":"https:\/\/albaicin.fr\/","og_locale":"fr_FR","og_type":"article","og_title":"atelier","og_description":"Dans mon atelier de Plomeur, je confectionne avec passion des accessoires en cuir pleine fleur pour vous accompagner au quotidien.","og_url":"https:\/\/albaicin.fr\/","og_site_name":"albaicin","article_modified_time":"2025-12-08T22:53:30+00:00","og_image":[{"width":800,"height":800,"url":"https:\/\/albaicin.fr\/wp-content\/uploads\/2024\/12\/Portrait-Anne-Marche.jpg","type":"image\/jpeg"}],"twitter_card":"summary_large_image","twitter_misc":{"Dur\u00e9e de lecture estim\u00e9e":"3 minutes"},"schema":{"@context":"https:\/\/schema.org","@graph":[{"@type":"WebPage","@id":"https:\/\/albaicin.fr\/","url":"https:\/\/albaicin.fr\/","name":"atelier","isPartOf":{"@id":"https:\/\/albaicin.fr\/#website"},"primaryImageOfPage":{"@id":"https:\/\/albaicin.fr\/#primaryimage"},"image":{"@id":"https:\/\/albaicin.fr\/#primaryimage"},"thumbnailUrl":"https:\/\/albaicin.fr\/wp-content\/uploads\/2024\/12\/Portrait-Anne-Marche.jpg","datePublished":"2021-11-26T16:54:27+00:00","dateModified":"2025-12-08T22:53:30+00:00","description":"Dans mon atelier de Plomeur, je confectionne avec passion des accessoires en cuir pleine fleur pour vous accompagner au quotidien.","breadcrumb":{"@id":"https:\/\/albaicin.fr\/#breadcrumb"},"inLanguage":"fr-FR","potentialAction":[{"@type":"ReadAction","target":["https:\/\/albaicin.fr\/"]}]},{"@type":"ImageObject","inLanguage":"fr-FR","@id":"https:\/\/albaicin.fr\/#primaryimage","url":"https:\/\/albaicin.fr\/wp-content\/uploads\/2024\/12\/Portrait-Anne-Marche.jpg","contentUrl":"https:\/\/albaicin.fr\/wp-content\/uploads\/2024\/12\/Portrait-Anne-Marche.jpg","width":800,"height":800,"caption":"atelier"},{"@type":"BreadcrumbList","@id":"https:\/\/albaicin.fr\/#breadcrumb","itemListElement":[{"@type":"ListItem","position":1,"name":"Accueil","item":"https:\/\/albaicin.fr\/"},{"@type":"ListItem","position":2,"name":"Atelier albaic\u00edn"}]},{"@type":"WebSite","@id":"https:\/\/albaicin.fr\/#website","url":"https:\/\/albaicin.fr\/","name":"albaicin","description":"Un site utilisant WordPress","potentialAction":[{"@type":"SearchAction","target":{"@type":"EntryPoint","urlTemplate":"https:\/\/albaicin.fr\/?s={search_term_string}"},"query-input":{"@type":"PropertyValueSpecification","valueRequired":true,"valueName":"search_term_string"}}],"inLanguage":"fr-FR"}]}},"_links":{"self":[{"href":"https:\/\/albaicin.fr\/index.php\/wp-json\/wp\/v2\/pages\/9132","targetHints":{"allow":["GET"]}}],"collection":[{"href":"https:\/\/albaicin.fr\/index.php\/wp-json\/wp\/v2\/pages"}],"about":[{"href":"https:\/\/albaicin.fr\/index.php\/wp-json\/wp\/v2\/types\/page"}],"author":[{"embeddable":true,"href":"https:\/\/albaicin.fr\/index.php\/wp-json\/wp\/v2\/users\/1"}],"replies":[{"embeddable":true,"href":"https:\/\/albaicin.fr\/index.php\/wp-json\/wp\/v2\/comments?post=9132"}],"version-history":[{"count":286,"href":"https:\/\/albaicin.fr\/index.php\/wp-json\/wp\/v2\/pages\/9132\/revisions"}],"predecessor-version":[{"id":12142,"href":"https:\/\/albaicin.fr\/index.php\/wp-json\/wp\/v2\/pages\/9132\/revisions\/12142"}],"wp:featuredmedia":[{"embeddable":true,"href":"https:\/\/albaicin.fr\/index.php\/wp-json\/wp\/v2\/media\/11756"}],"wp:attachment":[{"href":"https:\/\/albaicin.fr\/index.php\/wp-json\/wp\/v2\/media?parent=9132"}],"curies":[{"name":"wp","href":"https:\/\/api.w.org\/{rel}","templated":true}]}}