{"id":9504,"date":"2022-05-01T17:20:19","date_gmt":"2022-05-01T15:20:19","guid":{"rendered":"https:\/\/albaicin.fr\/?page_id=9504"},"modified":"2025-07-22T15:28:07","modified_gmt":"2025-07-22T13:28:07","slug":"pochette-bihan","status":"publish","type":"page","link":"https:\/\/albaicin.fr\/index.php\/pochette-bihan\/","title":{"rendered":"Pochette Bihan"},"content":{"rendered":"<div class=\"wpb-content-wrapper\">[vc_row][vc_column][\/vc_column][\/vc_row][vc_section][vc_row][vc_column][vc_column_text css=\u00a0\u00bb\u00a0\u00bb]\n<h3><span style=\"color: #811013;\">Bihan est une pochette l\u00e9g\u00e8re, \u00e0 porter \u00e0 la ceinture ou en cross-body<\/span><\/h3>\n[\/vc_column_text][\/vc_column][\/vc_row][\/vc_section][vc_row gap=\u00a0\u00bb4&Prime;][vc_column width=\u00a0\u00bb1\/2&Prime;][vc_media_grid gap=\u00a0\u00bb10&Prime; css=\u00a0\u00bb\u00a0\u00bb grid_id=\u00a0\u00bbvc_gid:1753190575126-6fdabce4-5750-5&Prime; include=\u00a0\u00bb9700,9699,9887,9888,9698,9697,9882,9883,9881,9696,9768,9440,9695,9884,9885,9886&Prime;][\/vc_column][vc_column width=\u00a0\u00bb1\/2&Prime;][vc_separator color=\u00a0\u00bbcustom\u00a0\u00bb border_width=\u00a0\u00bb2&Prime; accent_color=\u00a0\u00bb#811013&Prime;][vc_column_text css=\u00a0\u00bb\u00a0\u00bb]\n<h4 style=\"text-align: justify;\"><span style=\"color: #811013;\">Bihan signifie \u00ab\u00a0petit\u00a0\u00bb en breton<\/span><\/h4>\n<p style=\"text-align: justify;\">Une pochette l\u00e9g\u00e8re qui permet d&#8217;emporter l&rsquo;essentiel.<\/p>\n<p style=\"text-align: justify;\">Sa bandouli\u00e8re est d\u00e9tachable pour en faire un compagnon de soir\u00e9e.<\/p>\n<p style=\"text-align: justify;\">A l&rsquo;arri\u00e8re, la couleur de la bande d\u2019attache de la bandouli\u00e8re va trancher de la couleur principale.<\/p>\n<p style=\"text-align: justify;\">D\u00e9clinaisons disponibles :<\/p>\n<ul>\n<li style=\"text-align: justify;\">Un superbe cuir nubuck emboss\u00e9 de fleurs stylis\u00e9es : rose ancien, vert for\u00eat, ocre &#8230;<\/li>\n<li style=\"text-align: justify;\">Le cuir lisse emboss\u00e9 \u00ab\u00a0argent\u00a0\u00bb ou \u00ab\u00a0or\u00a0\u00bb va pimper cette gamme d\u00e9cidemment peu ordinaire.<\/li>\n<li style=\"text-align: justify;\">Du nubuck lisse violine<\/li>\n<\/ul>\n[\/vc_column_text][vc_separator color=\u00a0\u00bbcustom\u00a0\u00bb border_width=\u00a0\u00bb2&Prime; accent_color=\u00a0\u00bb#811013&Prime;][vc_column_text css=\u00a0\u00bb\u00a0\u00bb]\n<h5><span style=\"color: #811013;\">D\u00e9tails Bihan :<\/span><\/h5>\n<p><strong>Poche principale<\/strong> : L 26 x H 15 cm \u2013 Epaisseur 5\/6 cm<\/p>\n<p><strong>Poche suppl\u00e9mentaire plaqu\u00e9e \u00e0 l\u2019int\u00e9rieur<\/strong><\/p>\n<p><strong>Fermeture<\/strong> par zip \u00e0 glissi\u00e8re m\u00e9tal<\/p>\n<p><strong>Bandouli\u00e8re<\/strong> r\u00e9glable en textile \u00e9pais \u2013 Long 1,30 m\u00e8tre<\/p>\n<ul>\n<li>2 mousquetons en m\u00e9tal<\/li>\n<li>2 passants en cuir cousus<\/li>\n<\/ul>\n<p><strong>Mati\u00e8res<\/strong> : cuir de vachette nubuck \/ cuir de vachette \u00ab pleine fleur \u00bb &#8211; Origine Italie<\/p>\n<p>Conception et montage complet r\u00e9alis\u00e9s dans mon <a href=\"https:\/\/g.co\/kgs\/5F8KUMY\" target=\"_blank\" rel=\"noopener\">atelier de Plomeur (29120)<\/a><\/p>\n<p><a href=\"https:\/\/albaicin.fr\/index.php\/produit\/soiree\/\" target=\"_blank\" rel=\"noopener\">Trouver BIHAN dans la boutique en ligne<\/a><\/p>\n<p>Une commande personnalis\u00e9e ? Laissez-moi un <a href=\"https:\/\/albaicin.fr\/index.php\/creations-marches\/\" target=\"_blank\" rel=\"noopener\">message dans le formulaire de contac<\/a>t et je vous recontacte rapidement.[\/vc_column_text][vc_separator color=\u00a0\u00bbcustom\u00a0\u00bb border_width=\u00a0\u00bb2&Prime; accent_color=\u00a0\u00bb#811013&Prime;][\/vc_column][\/vc_row][vc_row][vc_column][vc_separator color=\u00a0\u00bbcustom\u00a0\u00bb border_width=\u00a0\u00bb2&Prime; accent_color=\u00a0\u00bb#811013&Prime;][\/vc_column][\/vc_row][vc_row content_placement=\u00a0\u00bbmiddle\u00a0\u00bb][vc_column width=\u00a0\u00bb1\/6&Prime;][\/vc_column][vc_column width=\u00a0\u00bb2\/3&Prime;][vc_column_text]\n<p style=\"text-align: center;\">Cr\u00e9ations r\u00e9alis\u00e9es dans des cuirs pleine fleur avec une finition aniline ou semi-aniline ou l\u00e9g\u00e8rement pigment\u00e9e.<\/p>\n<p style=\"text-align: center;\">Afin de limiter les co\u00fbts et privil\u00e9gier le recyclage, de belles chutes de cuir ont \u00e9t\u00e9 utilis\u00e9es.<\/p>\n<p style=\"text-align: center;\">Le grand soin apport\u00e9 aux finitions assure la long\u00e9vit\u00e9 des produits.<\/p>\n<p style=\"text-align: center;\">La plupart des associations \u00e9tant uniques, nos \u00e9ditions sont limit\u00e9es.<\/p>\n[\/vc_column_text][\/vc_column][vc_column width=\u00a0\u00bb1\/6&Prime;][\/vc_column][\/vc_row][vc_row][vc_column][vc_separator color=\u00a0\u00bbcustom\u00a0\u00bb border_width=\u00a0\u00bb2&Prime; accent_color=\u00a0\u00bb#811013&Prime;][\/vc_column][\/vc_row]\n<\/div>","protected":false},"excerpt":{"rendered":"<p>[vc_row][vc_column][\/vc_column][\/vc_row][vc_section][vc_row][vc_column][vc_column_text css=\u00a0\u00bb\u00a0\u00bb] Bihan est une pochette l\u00e9g\u00e8re, \u00e0 porter \u00e0 la ceinture ou en cross-body [\/vc_column_text][\/vc_column][\/vc_row][\/vc_section][vc_row gap=\u00a0\u00bb4&Prime;][vc_column width=\u00a0\u00bb1\/2&Prime;][vc_media_grid gap=\u00a0\u00bb10&Prime; css=\u00a0\u00bb\u00a0\u00bb grid_id=\u00a0\u00bbvc_gid:1753190575126-6fdabce4-5750-5&Prime; include=\u00a0\u00bb9700,9699,9887,9888,9698,9697,9882,9883,9881,9696,9768,9440,9695,9884,9885,9886&Prime;][\/vc_column][vc_column width=\u00a0\u00bb1\/2&Prime;][vc_separator color=\u00a0\u00bbcustom\u00a0\u00bb border_width=\u00a0\u00bb2&Prime; accent_color=\u00a0\u00bb#811013&Prime;][vc_column_text css=\u00a0\u00bb\u00a0\u00bb] Bihan signifie \u00ab\u00a0petit\u00a0\u00bb en breton Une pochette l\u00e9g\u00e8re qui permet d&#8217;emporter l&rsquo;essentiel. Sa &hellip; <a class=\"kt-excerpt-readmore\" href=\"https:\/\/albaicin.fr\/index.php\/pochette-bihan\/\" aria-label=\"Pochette Bihan\">Lire plus<\/a><\/p>\n","protected":false},"author":1,"featured_media":9392,"parent":0,"menu_order":0,"comment_status":"closed","ping_status":"closed","template":"page-fullwidth.php","meta":{"footnotes":""},"class_list":["post-9504","page","type-page","status-publish","has-post-thumbnail","hentry"],"yoast_head":"<!-- This site is optimized with the Yoast SEO plugin v27.4 - https:\/\/yoast.com\/product\/yoast-seo-wordpress\/ -->\n<title>Des pochettes en cuir finition nubuck ou cuir emboss\u00e9<\/title>\n<meta name=\"description\" content=\"Bihan est une pochette l\u00e9g\u00e8re en cuir. Une \u00e9l\u00e9gante bananes revisit\u00e9e avec une sangle amovible qui permet de sublimer vos tenues de soir\u00e9e.\" \/>\n<meta name=\"robots\" content=\"index, follow, max-snippet:-1, max-image-preview:large, max-video-preview:-1\" \/>\n<link rel=\"canonical\" href=\"https:\/\/albaicin.fr\/index.php\/pochette-bihan\/\" \/>\n<meta property=\"og:locale\" content=\"fr_FR\" \/>\n<meta property=\"og:type\" content=\"article\" \/>\n<meta property=\"og:title\" content=\"Des pochettes en cuir finition nubuck ou cuir emboss\u00e9\" \/>\n<meta property=\"og:description\" content=\"Bihan est une pochette l\u00e9g\u00e8re en cuir. Une \u00e9l\u00e9gante bananes revisit\u00e9e avec une sangle amovible qui permet de sublimer vos tenues de soir\u00e9e.\" \/>\n<meta property=\"og:url\" content=\"https:\/\/albaicin.fr\/index.php\/pochette-bihan\/\" \/>\n<meta property=\"og:site_name\" content=\"albaicin\" \/>\n<meta property=\"article:modified_time\" content=\"2025-07-22T13:28:07+00:00\" \/>\n<meta property=\"og:image\" content=\"https:\/\/albaicin.fr\/wp-content\/uploads\/2022\/04\/IMG_3964.jpeg\" \/>\n\t<meta property=\"og:image:width\" content=\"900\" \/>\n\t<meta property=\"og:image:height\" content=\"675\" \/>\n\t<meta property=\"og:image:type\" content=\"image\/jpeg\" \/>\n<meta name=\"twitter:card\" content=\"summary_large_image\" \/>\n<meta name=\"twitter:label1\" content=\"Dur\u00e9e de lecture estim\u00e9e\" \/>\n\t<meta name=\"twitter:data1\" content=\"2 minutes\" \/>\n<script type=\"application\/ld+json\" class=\"yoast-schema-graph\">{\"@context\":\"https:\\\/\\\/schema.org\",\"@graph\":[{\"@type\":\"WebPage\",\"@id\":\"https:\\\/\\\/albaicin.fr\\\/index.php\\\/pochette-bihan\\\/\",\"url\":\"https:\\\/\\\/albaicin.fr\\\/index.php\\\/pochette-bihan\\\/\",\"name\":\"Des pochettes en cuir finition nubuck ou cuir emboss\u00e9\",\"isPartOf\":{\"@id\":\"https:\\\/\\\/albaicin.fr\\\/#website\"},\"primaryImageOfPage\":{\"@id\":\"https:\\\/\\\/albaicin.fr\\\/index.php\\\/pochette-bihan\\\/#primaryimage\"},\"image\":{\"@id\":\"https:\\\/\\\/albaicin.fr\\\/index.php\\\/pochette-bihan\\\/#primaryimage\"},\"thumbnailUrl\":\"https:\\\/\\\/albaicin.fr\\\/wp-content\\\/uploads\\\/2022\\\/04\\\/IMG_3964.jpeg\",\"datePublished\":\"2022-05-01T15:20:19+00:00\",\"dateModified\":\"2025-07-22T13:28:07+00:00\",\"description\":\"Bihan est une pochette l\u00e9g\u00e8re en cuir. Une \u00e9l\u00e9gante bananes revisit\u00e9e avec une sangle amovible qui permet de sublimer vos tenues de soir\u00e9e.\",\"breadcrumb\":{\"@id\":\"https:\\\/\\\/albaicin.fr\\\/index.php\\\/pochette-bihan\\\/#breadcrumb\"},\"inLanguage\":\"fr-FR\",\"potentialAction\":[{\"@type\":\"ReadAction\",\"target\":[\"https:\\\/\\\/albaicin.fr\\\/index.php\\\/pochette-bihan\\\/\"]}]},{\"@type\":\"ImageObject\",\"inLanguage\":\"fr-FR\",\"@id\":\"https:\\\/\\\/albaicin.fr\\\/index.php\\\/pochette-bihan\\\/#primaryimage\",\"url\":\"https:\\\/\\\/albaicin.fr\\\/wp-content\\\/uploads\\\/2022\\\/04\\\/IMG_3964.jpeg\",\"contentUrl\":\"https:\\\/\\\/albaicin.fr\\\/wp-content\\\/uploads\\\/2022\\\/04\\\/IMG_3964.jpeg\",\"width\":900,\"height\":675,\"caption\":\"pochette bihan\"},{\"@type\":\"BreadcrumbList\",\"@id\":\"https:\\\/\\\/albaicin.fr\\\/index.php\\\/pochette-bihan\\\/#breadcrumb\",\"itemListElement\":[{\"@type\":\"ListItem\",\"position\":1,\"name\":\"Accueil\",\"item\":\"https:\\\/\\\/albaicin.fr\\\/\"},{\"@type\":\"ListItem\",\"position\":2,\"name\":\"Pochette Bihan\"}]},{\"@type\":\"WebSite\",\"@id\":\"https:\\\/\\\/albaicin.fr\\\/#website\",\"url\":\"https:\\\/\\\/albaicin.fr\\\/\",\"name\":\"albaicin\",\"description\":\"Un site utilisant WordPress\",\"potentialAction\":[{\"@type\":\"SearchAction\",\"target\":{\"@type\":\"EntryPoint\",\"urlTemplate\":\"https:\\\/\\\/albaicin.fr\\\/?s={search_term_string}\"},\"query-input\":{\"@type\":\"PropertyValueSpecification\",\"valueRequired\":true,\"valueName\":\"search_term_string\"}}],\"inLanguage\":\"fr-FR\"}]}<\/script>\n<!-- \/ Yoast SEO plugin. -->","yoast_head_json":{"title":"Des pochettes en cuir finition nubuck ou cuir emboss\u00e9","description":"Bihan est une pochette l\u00e9g\u00e8re en cuir. Une \u00e9l\u00e9gante bananes revisit\u00e9e avec une sangle amovible qui permet de sublimer vos tenues de soir\u00e9e.","robots":{"index":"index","follow":"follow","max-snippet":"max-snippet:-1","max-image-preview":"max-image-preview:large","max-video-preview":"max-video-preview:-1"},"canonical":"https:\/\/albaicin.fr\/index.php\/pochette-bihan\/","og_locale":"fr_FR","og_type":"article","og_title":"Des pochettes en cuir finition nubuck ou cuir emboss\u00e9","og_description":"Bihan est une pochette l\u00e9g\u00e8re en cuir. Une \u00e9l\u00e9gante bananes revisit\u00e9e avec une sangle amovible qui permet de sublimer vos tenues de soir\u00e9e.","og_url":"https:\/\/albaicin.fr\/index.php\/pochette-bihan\/","og_site_name":"albaicin","article_modified_time":"2025-07-22T13:28:07+00:00","og_image":[{"width":900,"height":675,"url":"https:\/\/albaicin.fr\/wp-content\/uploads\/2022\/04\/IMG_3964.jpeg","type":"image\/jpeg"}],"twitter_card":"summary_large_image","twitter_misc":{"Dur\u00e9e de lecture estim\u00e9e":"2 minutes"},"schema":{"@context":"https:\/\/schema.org","@graph":[{"@type":"WebPage","@id":"https:\/\/albaicin.fr\/index.php\/pochette-bihan\/","url":"https:\/\/albaicin.fr\/index.php\/pochette-bihan\/","name":"Des pochettes en cuir finition nubuck ou cuir emboss\u00e9","isPartOf":{"@id":"https:\/\/albaicin.fr\/#website"},"primaryImageOfPage":{"@id":"https:\/\/albaicin.fr\/index.php\/pochette-bihan\/#primaryimage"},"image":{"@id":"https:\/\/albaicin.fr\/index.php\/pochette-bihan\/#primaryimage"},"thumbnailUrl":"https:\/\/albaicin.fr\/wp-content\/uploads\/2022\/04\/IMG_3964.jpeg","datePublished":"2022-05-01T15:20:19+00:00","dateModified":"2025-07-22T13:28:07+00:00","description":"Bihan est une pochette l\u00e9g\u00e8re en cuir. Une \u00e9l\u00e9gante bananes revisit\u00e9e avec une sangle amovible qui permet de sublimer vos tenues de soir\u00e9e.","breadcrumb":{"@id":"https:\/\/albaicin.fr\/index.php\/pochette-bihan\/#breadcrumb"},"inLanguage":"fr-FR","potentialAction":[{"@type":"ReadAction","target":["https:\/\/albaicin.fr\/index.php\/pochette-bihan\/"]}]},{"@type":"ImageObject","inLanguage":"fr-FR","@id":"https:\/\/albaicin.fr\/index.php\/pochette-bihan\/#primaryimage","url":"https:\/\/albaicin.fr\/wp-content\/uploads\/2022\/04\/IMG_3964.jpeg","contentUrl":"https:\/\/albaicin.fr\/wp-content\/uploads\/2022\/04\/IMG_3964.jpeg","width":900,"height":675,"caption":"pochette bihan"},{"@type":"BreadcrumbList","@id":"https:\/\/albaicin.fr\/index.php\/pochette-bihan\/#breadcrumb","itemListElement":[{"@type":"ListItem","position":1,"name":"Accueil","item":"https:\/\/albaicin.fr\/"},{"@type":"ListItem","position":2,"name":"Pochette Bihan"}]},{"@type":"WebSite","@id":"https:\/\/albaicin.fr\/#website","url":"https:\/\/albaicin.fr\/","name":"albaicin","description":"Un site utilisant WordPress","potentialAction":[{"@type":"SearchAction","target":{"@type":"EntryPoint","urlTemplate":"https:\/\/albaicin.fr\/?s={search_term_string}"},"query-input":{"@type":"PropertyValueSpecification","valueRequired":true,"valueName":"search_term_string"}}],"inLanguage":"fr-FR"}]}},"_links":{"self":[{"href":"https:\/\/albaicin.fr\/index.php\/wp-json\/wp\/v2\/pages\/9504","targetHints":{"allow":["GET"]}}],"collection":[{"href":"https:\/\/albaicin.fr\/index.php\/wp-json\/wp\/v2\/pages"}],"about":[{"href":"https:\/\/albaicin.fr\/index.php\/wp-json\/wp\/v2\/types\/page"}],"author":[{"embeddable":true,"href":"https:\/\/albaicin.fr\/index.php\/wp-json\/wp\/v2\/users\/1"}],"replies":[{"embeddable":true,"href":"https:\/\/albaicin.fr\/index.php\/wp-json\/wp\/v2\/comments?post=9504"}],"version-history":[{"count":65,"href":"https:\/\/albaicin.fr\/index.php\/wp-json\/wp\/v2\/pages\/9504\/revisions"}],"predecessor-version":[{"id":11959,"href":"https:\/\/albaicin.fr\/index.php\/wp-json\/wp\/v2\/pages\/9504\/revisions\/11959"}],"wp:featuredmedia":[{"embeddable":true,"href":"https:\/\/albaicin.fr\/index.php\/wp-json\/wp\/v2\/media\/9392"}],"wp:attachment":[{"href":"https:\/\/albaicin.fr\/index.php\/wp-json\/wp\/v2\/media?parent=9504"}],"curies":[{"name":"wp","href":"https:\/\/api.w.org\/{rel}","templated":true}]}}