{"id":9605,"date":"2022-05-03T07:45:38","date_gmt":"2022-05-03T05:45:38","guid":{"rendered":"https:\/\/albaicin.fr\/?page_id=9605"},"modified":"2025-07-22T17:44:21","modified_gmt":"2025-07-22T15:44:21","slug":"pochette-compagnon","status":"publish","type":"page","link":"https:\/\/albaicin.fr\/index.php\/pochette-compagnon\/","title":{"rendered":"Pochette compagnon"},"content":{"rendered":"<div class=\"wpb-content-wrapper\">[vc_section][vc_row][vc_column][\/vc_column][\/vc_row][\/vc_section][vc_row gap=\u00a0\u00bb4&Prime;][vc_column width=\u00a0\u00bb1\/2&Prime;][vc_media_grid gap=\u00a0\u00bb20&Prime; css=\u00a0\u00bb\u00a0\u00bb grid_id=\u00a0\u00bbvc_gid:1733394607142-ad5f687a-2b80-3&Prime; include=\u00a0\u00bb10153,10061,10057,10056,10058,10059,10523,10053,10054,10055,10101,10102,10104,10105,10106,10107,10108,10109,10110,10111&Prime;][\/vc_column][vc_column width=\u00a0\u00bb1\/2&Prime;][vc_separator color=\u00a0\u00bbcustom\u00a0\u00bb border_width=\u00a0\u00bb2&Prime; accent_color=\u00a0\u00bb#811013&Prime;][vc_column_text css=\u00a0\u00bb\u00a0\u00bb]\n<h3><span style=\"color: #811013;\">La pochette compagnon, pratique et esth\u00e9tique !<\/span><\/h3>\n<p>Cette pochette renouvelle le portefeuille compagnon car elle embarque \u00e0 la fois, votre t\u00e9l\u00e9phone, votre b\u00e2ton de gloss, vos cartes, vos papiers essentiels et &#8230; vos cl\u00e9s !<\/p>\n<p>Vous la portez autour du cou, en cross body ou gliss\u00e9e dans votre ceinture non fournie).<\/p>\n<p>Pour aller faire du shopping, du sport ou, en soir\u00e9e, vous y glissez vos essentiels et compl\u00e9tez votre tenue.<\/p>\n<p>La patte de fermeture s\u00e9curise la poche avant. Cette poche en volume peut contenir tous les formats de t\u00e9l\u00e9phone et d&rsquo;autres papiers. Une encoche basse est pr\u00e9vue afin de recharger votre smartphone.<\/p>\n<p>La grande poche int\u00e9rieure zipp\u00e9e permet d&rsquo;ins\u00e9rer 3 cartes (format carte de cr\u00e9dit), et deux autres cartes plus grandes comme la carte d&rsquo;identit\u00e9, format classique. Vous pourrez ranger votre argent, des papiers, et m\u00eame un carnet de ch\u00e8que.<\/p>\n<h4><span style=\"color: #811013; font-family: arial, helvetica, sans-serif;\">A l&rsquo;arri\u00e8re du compagnon :<\/span><\/h4>\n<ul>\n<li style=\"text-align: justify;\">l&rsquo;anneau pour accrocher \/ d\u00e9crocher le cordon amovible.<\/li>\n<li style=\"text-align: justify;\">le passant qui permet d&rsquo;ins\u00e9rer le compagnon \u00e0 votre ceinture et<\/li>\n<li style=\"text-align: justify;\">le mousqueton pour y accrocher vos cl\u00e9s ou la pochette de vos Earpods.<\/li>\n<\/ul>\n<p style=\"text-align: justify;\">D\u00e9clinaisons disponibles dans des cuirs \u00ab\u00a0pleine fleur\u00a0\u00bb ou cuir nubuck\u00e9, unis ou fantaisie.<\/p>\n[\/vc_column_text][vc_separator color=\u00a0\u00bbcustom\u00a0\u00bb border_width=\u00a0\u00bb2&Prime; accent_color=\u00a0\u00bb#811013&Prime;][vc_column_text css=\u00a0\u00bb\u00a0\u00bb]\n<h4><span style=\"color: #811013;\">Description d\u00e9taill\u00e9e :<\/span><\/h4>\n<p><strong>Dimensions totale d<\/strong><span style=\"color: inherit; font-family: inherit; font-weight: bold;\">u sac mini : <\/span>L 12 x H 21 cm<\/p>\n<p><strong>Des fermetures s\u00e9curis\u00e9es : <\/strong><\/p>\n<ul>\n<li>\u00e0 glissi\u00e8re pour la poche int\u00e9rieure<\/li>\n<li>par patte avec bouton pression pour la poche t\u00e9l\u00e9phone<\/li>\n<\/ul>\n<p><strong>Poche t\u00e9l\u00e9phone en volume, donc confortable, <\/strong>pour ins\u00e9rer votre t\u00e9l\u00e9phone avec sa coque de protection, fine ou \u00e9paisse.<\/p>\n<p><strong>Poche zipp\u00e9e : <\/strong>\u00a0de chaque c\u00f4t\u00e9 de la poche : 5 emplacements en cuir pour cartes de diff\u00e9rentes tailles. Une grande poche pour contenir votre argent et documents.<\/p>\n<p><strong>Cordon solide de couleur coordonn\u00e9e, <\/strong>r\u00e9glable et amovible \u2013 Long 1,50 m\u00e8tre<\/p>\n<p><strong>Face arri\u00e8re<\/strong> : un mousqueton en m\u00e9tal, un passant en cuir, un cordon r\u00e9glable et amovible \u2013 Long 1,50 m\u00e8tre<\/p>\n<p><strong>Mati\u00e8res<\/strong> <strong>utilis\u00e9es<\/strong> : cuir de vachette nubuck \/ cuir de vachette \u00ab pleine fleur \u00bb \/ cuir de ch\u00e8vre \u00ab\u00a0pleine fleur\u00a0\u00bb ou cuir d&rsquo;agneau \u00ab\u00a0pleine fleur\u00a0\u00bb. Cuir d&rsquo;origine fran\u00e7aise ou italienne<\/p>\n<p>Conception et montage complet r\u00e9alis\u00e9s dans mon atelier de <a href=\"https:\/\/g.co\/kgs\/5F8KUMY\" target=\"_blank\" rel=\"noopener\">Plomeur (29120)<\/a><\/p>\n<p>Une commande personnalis\u00e9e avec vos choix de couleur ? Laissez-moi un <a href=\"https:\/\/albaicin.fr\/index.php\/creations-marches\/\" target=\"_blank\" rel=\"noopener\">message dans le formulaire de contac<\/a>t et je vous recontacte rapidement.<\/p>\n<p><a href=\"https:\/\/albaicin.fr\/index.php\/produit\/sac-compact\/\" target=\"_blank\" rel=\"noopener\">Commander le sac compact sur la boutique en ligne<\/a>[\/vc_column_text][vc_separator color=\u00a0\u00bbcustom\u00a0\u00bb border_width=\u00a0\u00bb2&Prime; accent_color=\u00a0\u00bb#811013&Prime;][\/vc_column][\/vc_row][vc_row][vc_column][vc_separator color=\u00a0\u00bbcustom\u00a0\u00bb border_width=\u00a0\u00bb2&Prime; accent_color=\u00a0\u00bb#811013&Prime;][\/vc_column][\/vc_row][vc_row content_placement=\u00a0\u00bbmiddle\u00a0\u00bb][vc_column width=\u00a0\u00bb1\/6&Prime;][\/vc_column][vc_column width=\u00a0\u00bb2\/3&Prime;][vc_column_text]\n<p style=\"text-align: center;\">Cr\u00e9ations r\u00e9alis\u00e9es dans des cuirs pleine fleur avec une finition aniline ou semi-aniline ou l\u00e9g\u00e8rement pigment\u00e9e.<\/p>\n<p style=\"text-align: center;\">Afin de limiter les co\u00fbts et privil\u00e9gier le recyclage, de belles chutes de cuir ont \u00e9t\u00e9 utilis\u00e9es.<\/p>\n<p style=\"text-align: center;\">Le grand soin apport\u00e9 aux finitions assure la long\u00e9vit\u00e9 des produits.<\/p>\n<p style=\"text-align: center;\">La plupart des associations \u00e9tant uniques, nos \u00e9ditions sont limit\u00e9es.<\/p>\n[\/vc_column_text][\/vc_column][vc_column width=\u00a0\u00bb1\/6&Prime;][\/vc_column][\/vc_row][vc_row][vc_column][vc_separator color=\u00a0\u00bbcustom\u00a0\u00bb border_width=\u00a0\u00bb2&Prime; accent_color=\u00a0\u00bb#811013&Prime;][\/vc_column][\/vc_row]\n<\/div>","protected":false},"excerpt":{"rendered":"<p>[vc_section][vc_row][vc_column][\/vc_column][\/vc_row][\/vc_section][vc_row gap=\u00a0\u00bb4&Prime;][vc_column width=\u00a0\u00bb1\/2&Prime;][vc_media_grid gap=\u00a0\u00bb20&Prime; css=\u00a0\u00bb\u00a0\u00bb grid_id=\u00a0\u00bbvc_gid:1733394607142-ad5f687a-2b80-3&Prime; include=\u00a0\u00bb10153,10061,10057,10056,10058,10059,10523,10053,10054,10055,10101,10102,10104,10105,10106,10107,10108,10109,10110,10111&Prime;][\/vc_column][vc_column width=\u00a0\u00bb1\/2&Prime;][vc_separator color=\u00a0\u00bbcustom\u00a0\u00bb border_width=\u00a0\u00bb2&Prime; accent_color=\u00a0\u00bb#811013&Prime;][vc_column_text css=\u00a0\u00bb\u00a0\u00bb] La pochette compagnon, pratique et esth\u00e9tique ! Cette pochette renouvelle le portefeuille compagnon car elle embarque \u00e0 la fois, votre t\u00e9l\u00e9phone, votre b\u00e2ton de gloss, vos cartes, vos &hellip; <a class=\"kt-excerpt-readmore\" href=\"https:\/\/albaicin.fr\/index.php\/pochette-compagnon\/\" aria-label=\"Pochette compagnon\">Lire plus<\/a><\/p>\n","protected":false},"author":1,"featured_media":10198,"parent":0,"menu_order":0,"comment_status":"closed","ping_status":"closed","template":"page-fullwidth.php","meta":{"footnotes":""},"class_list":["post-9605","page","type-page","status-publish","has-post-thumbnail","hentry"],"yoast_head":"<!-- This site is optimized with the Yoast SEO plugin v27.4 - https:\/\/yoast.com\/product\/yoast-seo-wordpress\/ -->\n<title>pochette compagnon pour embarquer vos essentiels.<\/title>\n<meta name=\"description\" content=\"Une pochette compagnon originale. Tr\u00e8s l\u00e9g\u00e8re, ce mini sac peut contenir votre t\u00e9l\u00e9phone et tous vos objet de premi\u00e8re n\u00e9cessit\u00e9.\" \/>\n<meta name=\"robots\" content=\"index, follow, max-snippet:-1, max-image-preview:large, max-video-preview:-1\" \/>\n<link rel=\"canonical\" href=\"https:\/\/albaicin.fr\/index.php\/pochette-compagnon\/\" \/>\n<meta property=\"og:locale\" content=\"fr_FR\" \/>\n<meta property=\"og:type\" content=\"article\" \/>\n<meta property=\"og:title\" content=\"pochette compagnon pour embarquer vos essentiels.\" \/>\n<meta property=\"og:description\" content=\"Une pochette compagnon originale. Tr\u00e8s l\u00e9g\u00e8re, ce mini sac peut contenir votre t\u00e9l\u00e9phone et tous vos objet de premi\u00e8re n\u00e9cessit\u00e9.\" \/>\n<meta property=\"og:url\" content=\"https:\/\/albaicin.fr\/index.php\/pochette-compagnon\/\" \/>\n<meta property=\"og:site_name\" content=\"albaicin\" \/>\n<meta property=\"article:modified_time\" content=\"2025-07-22T15:44:21+00:00\" \/>\n<meta property=\"og:image\" content=\"https:\/\/albaicin.fr\/wp-content\/uploads\/2023\/03\/Pochette-Marine-rose-fonce.jpg\" \/>\n\t<meta property=\"og:image:width\" content=\"800\" \/>\n\t<meta property=\"og:image:height\" content=\"1067\" \/>\n\t<meta property=\"og:image:type\" content=\"image\/jpeg\" \/>\n<meta name=\"twitter:card\" content=\"summary_large_image\" \/>\n<meta name=\"twitter:label1\" content=\"Dur\u00e9e de lecture estim\u00e9e\" \/>\n\t<meta name=\"twitter:data1\" content=\"1 minute\" \/>\n<script type=\"application\/ld+json\" class=\"yoast-schema-graph\">{\"@context\":\"https:\\\/\\\/schema.org\",\"@graph\":[{\"@type\":\"WebPage\",\"@id\":\"https:\\\/\\\/albaicin.fr\\\/index.php\\\/pochette-compagnon\\\/\",\"url\":\"https:\\\/\\\/albaicin.fr\\\/index.php\\\/pochette-compagnon\\\/\",\"name\":\"pochette compagnon pour embarquer vos essentiels.\",\"isPartOf\":{\"@id\":\"https:\\\/\\\/albaicin.fr\\\/#website\"},\"primaryImageOfPage\":{\"@id\":\"https:\\\/\\\/albaicin.fr\\\/index.php\\\/pochette-compagnon\\\/#primaryimage\"},\"image\":{\"@id\":\"https:\\\/\\\/albaicin.fr\\\/index.php\\\/pochette-compagnon\\\/#primaryimage\"},\"thumbnailUrl\":\"https:\\\/\\\/albaicin.fr\\\/wp-content\\\/uploads\\\/2023\\\/03\\\/Pochette-Marine-rose-fonce.jpg\",\"datePublished\":\"2022-05-03T05:45:38+00:00\",\"dateModified\":\"2025-07-22T15:44:21+00:00\",\"description\":\"Une pochette compagnon originale. Tr\u00e8s l\u00e9g\u00e8re, ce mini sac peut contenir votre t\u00e9l\u00e9phone et tous vos objet de premi\u00e8re n\u00e9cessit\u00e9.\",\"breadcrumb\":{\"@id\":\"https:\\\/\\\/albaicin.fr\\\/index.php\\\/pochette-compagnon\\\/#breadcrumb\"},\"inLanguage\":\"fr-FR\",\"potentialAction\":[{\"@type\":\"ReadAction\",\"target\":[\"https:\\\/\\\/albaicin.fr\\\/index.php\\\/pochette-compagnon\\\/\"]}]},{\"@type\":\"ImageObject\",\"inLanguage\":\"fr-FR\",\"@id\":\"https:\\\/\\\/albaicin.fr\\\/index.php\\\/pochette-compagnon\\\/#primaryimage\",\"url\":\"https:\\\/\\\/albaicin.fr\\\/wp-content\\\/uploads\\\/2023\\\/03\\\/Pochette-Marine-rose-fonce.jpg\",\"contentUrl\":\"https:\\\/\\\/albaicin.fr\\\/wp-content\\\/uploads\\\/2023\\\/03\\\/Pochette-Marine-rose-fonce.jpg\",\"width\":800,\"height\":1067,\"caption\":\"pochette compagnon\"},{\"@type\":\"BreadcrumbList\",\"@id\":\"https:\\\/\\\/albaicin.fr\\\/index.php\\\/pochette-compagnon\\\/#breadcrumb\",\"itemListElement\":[{\"@type\":\"ListItem\",\"position\":1,\"name\":\"Accueil\",\"item\":\"https:\\\/\\\/albaicin.fr\\\/\"},{\"@type\":\"ListItem\",\"position\":2,\"name\":\"Pochette compagnon\"}]},{\"@type\":\"WebSite\",\"@id\":\"https:\\\/\\\/albaicin.fr\\\/#website\",\"url\":\"https:\\\/\\\/albaicin.fr\\\/\",\"name\":\"albaicin\",\"description\":\"Un site utilisant WordPress\",\"potentialAction\":[{\"@type\":\"SearchAction\",\"target\":{\"@type\":\"EntryPoint\",\"urlTemplate\":\"https:\\\/\\\/albaicin.fr\\\/?s={search_term_string}\"},\"query-input\":{\"@type\":\"PropertyValueSpecification\",\"valueRequired\":true,\"valueName\":\"search_term_string\"}}],\"inLanguage\":\"fr-FR\"}]}<\/script>\n<!-- \/ Yoast SEO plugin. -->","yoast_head_json":{"title":"pochette compagnon pour embarquer vos essentiels.","description":"Une pochette compagnon originale. Tr\u00e8s l\u00e9g\u00e8re, ce mini sac peut contenir votre t\u00e9l\u00e9phone et tous vos objet de premi\u00e8re n\u00e9cessit\u00e9.","robots":{"index":"index","follow":"follow","max-snippet":"max-snippet:-1","max-image-preview":"max-image-preview:large","max-video-preview":"max-video-preview:-1"},"canonical":"https:\/\/albaicin.fr\/index.php\/pochette-compagnon\/","og_locale":"fr_FR","og_type":"article","og_title":"pochette compagnon pour embarquer vos essentiels.","og_description":"Une pochette compagnon originale. Tr\u00e8s l\u00e9g\u00e8re, ce mini sac peut contenir votre t\u00e9l\u00e9phone et tous vos objet de premi\u00e8re n\u00e9cessit\u00e9.","og_url":"https:\/\/albaicin.fr\/index.php\/pochette-compagnon\/","og_site_name":"albaicin","article_modified_time":"2025-07-22T15:44:21+00:00","og_image":[{"width":800,"height":1067,"url":"https:\/\/albaicin.fr\/wp-content\/uploads\/2023\/03\/Pochette-Marine-rose-fonce.jpg","type":"image\/jpeg"}],"twitter_card":"summary_large_image","twitter_misc":{"Dur\u00e9e de lecture estim\u00e9e":"1 minute"},"schema":{"@context":"https:\/\/schema.org","@graph":[{"@type":"WebPage","@id":"https:\/\/albaicin.fr\/index.php\/pochette-compagnon\/","url":"https:\/\/albaicin.fr\/index.php\/pochette-compagnon\/","name":"pochette compagnon pour embarquer vos essentiels.","isPartOf":{"@id":"https:\/\/albaicin.fr\/#website"},"primaryImageOfPage":{"@id":"https:\/\/albaicin.fr\/index.php\/pochette-compagnon\/#primaryimage"},"image":{"@id":"https:\/\/albaicin.fr\/index.php\/pochette-compagnon\/#primaryimage"},"thumbnailUrl":"https:\/\/albaicin.fr\/wp-content\/uploads\/2023\/03\/Pochette-Marine-rose-fonce.jpg","datePublished":"2022-05-03T05:45:38+00:00","dateModified":"2025-07-22T15:44:21+00:00","description":"Une pochette compagnon originale. Tr\u00e8s l\u00e9g\u00e8re, ce mini sac peut contenir votre t\u00e9l\u00e9phone et tous vos objet de premi\u00e8re n\u00e9cessit\u00e9.","breadcrumb":{"@id":"https:\/\/albaicin.fr\/index.php\/pochette-compagnon\/#breadcrumb"},"inLanguage":"fr-FR","potentialAction":[{"@type":"ReadAction","target":["https:\/\/albaicin.fr\/index.php\/pochette-compagnon\/"]}]},{"@type":"ImageObject","inLanguage":"fr-FR","@id":"https:\/\/albaicin.fr\/index.php\/pochette-compagnon\/#primaryimage","url":"https:\/\/albaicin.fr\/wp-content\/uploads\/2023\/03\/Pochette-Marine-rose-fonce.jpg","contentUrl":"https:\/\/albaicin.fr\/wp-content\/uploads\/2023\/03\/Pochette-Marine-rose-fonce.jpg","width":800,"height":1067,"caption":"pochette compagnon"},{"@type":"BreadcrumbList","@id":"https:\/\/albaicin.fr\/index.php\/pochette-compagnon\/#breadcrumb","itemListElement":[{"@type":"ListItem","position":1,"name":"Accueil","item":"https:\/\/albaicin.fr\/"},{"@type":"ListItem","position":2,"name":"Pochette compagnon"}]},{"@type":"WebSite","@id":"https:\/\/albaicin.fr\/#website","url":"https:\/\/albaicin.fr\/","name":"albaicin","description":"Un site utilisant WordPress","potentialAction":[{"@type":"SearchAction","target":{"@type":"EntryPoint","urlTemplate":"https:\/\/albaicin.fr\/?s={search_term_string}"},"query-input":{"@type":"PropertyValueSpecification","valueRequired":true,"valueName":"search_term_string"}}],"inLanguage":"fr-FR"}]}},"_links":{"self":[{"href":"https:\/\/albaicin.fr\/index.php\/wp-json\/wp\/v2\/pages\/9605","targetHints":{"allow":["GET"]}}],"collection":[{"href":"https:\/\/albaicin.fr\/index.php\/wp-json\/wp\/v2\/pages"}],"about":[{"href":"https:\/\/albaicin.fr\/index.php\/wp-json\/wp\/v2\/types\/page"}],"author":[{"embeddable":true,"href":"https:\/\/albaicin.fr\/index.php\/wp-json\/wp\/v2\/users\/1"}],"replies":[{"embeddable":true,"href":"https:\/\/albaicin.fr\/index.php\/wp-json\/wp\/v2\/comments?post=9605"}],"version-history":[{"count":35,"href":"https:\/\/albaicin.fr\/index.php\/wp-json\/wp\/v2\/pages\/9605\/revisions"}],"predecessor-version":[{"id":11978,"href":"https:\/\/albaicin.fr\/index.php\/wp-json\/wp\/v2\/pages\/9605\/revisions\/11978"}],"wp:featuredmedia":[{"embeddable":true,"href":"https:\/\/albaicin.fr\/index.php\/wp-json\/wp\/v2\/media\/10198"}],"wp:attachment":[{"href":"https:\/\/albaicin.fr\/index.php\/wp-json\/wp\/v2\/media?parent=9605"}],"curies":[{"name":"wp","href":"https:\/\/api.w.org\/{rel}","templated":true}]}}