{"id":11183,"date":"2024-12-03T14:00:39","date_gmt":"2024-12-03T13:00:39","guid":{"rendered":"https:\/\/albaicin.fr\/?post_type=product&#038;p=11183"},"modified":"2024-12-11T20:41:30","modified_gmt":"2024-12-11T19:41:30","slug":"soiree","status":"publish","type":"product","link":"https:\/\/albaicin.fr\/index.php\/produit\/soiree\/","title":{"rendered":"Bihan"},"content":{"rendered":"<h3>Pochette de soir\u00e9e Bihan : \u00e9l\u00e9gante et polyvalente<\/h3>\n<p>Le <strong>sac Bihan<\/strong>, qui signifie \u00ab\u00a0petit\u00a0\u00bb en breton, est une pochette raffin\u00e9e, parfaite pour vos sorties et soir\u00e9es. Compacte et fonctionnelle, elle mesure 25 x 15 x 5 cm et dispose d&rsquo;une poche principale con\u00e7ue en volume permettant ainsi de transporter l&rsquo;essentiel sans sacrifier l&rsquo;\u00e9l\u00e9gance. Une seconde poche plaqu\u00e9e se trouve \u00e0 l&rsquo;int\u00e9rieur pour faciliter le rangement.<\/p>\n<p>Fabriqu\u00e9e \u00e0 partir de cuirs de haute qualit\u00e9, la poche principale est r\u00e9alis\u00e9e dans un cuir uni, tandis qu&rsquo;une large chape contrast\u00e9e \u00e0 l\u2019arri\u00e8re du sac ajoute une touche d\u2019originalit\u00e9 et permet d\u2019accrocher les petits mousquetons de la bandouli\u00e8re. Cette chape contrast\u00e9e donne \u00e0 Bihan une allure sophistiqu\u00e9e et unique.<\/p>\n<h3>Polyvalence et confort<\/h3>\n<p>Bihan est \u00e9quip\u00e9 d&rsquo;une <strong>bandouli\u00e8re textile r\u00e9glable<\/strong>, offrant plusieurs possibilit\u00e9s de port :<\/p>\n<ul>\n<li><strong>En travers du corps<\/strong> pour un look d\u00e9contract\u00e9 chic.<\/li>\n<li><strong>\u00c0 la ceinture<\/strong>, fa\u00e7on banane \u00e9l\u00e9gante.<\/li>\n<li><strong>En pochette \u00e0 main<\/strong>, gr\u00e2ce \u00e0 sa bandouli\u00e8re amovible, id\u00e9ale pour les occasions plus habill\u00e9es.<\/li>\n<\/ul>\n<h3>Mat\u00e9riaux luxueux et finitions uniques<\/h3>\n<p>L\u2019originalit\u00e9 du sac Bihan repose sur ses cuirs vari\u00e9s :<\/p>\n<ul>\n<li><strong>Nubuck uni<\/strong>, lisse ou emboss\u00e9.<\/li>\n<li><strong>Cuir d\u2019agneau plong\u00e9<\/strong> avec grainages fantaisie.<\/li>\n<li>Coloris m\u00e9tallis\u00e9s, tels que <strong>argent<\/strong>, <strong>or<\/strong> ou <strong>bronze<\/strong>, pour une allure lumineuse et sophistiqu\u00e9e.<\/li>\n<\/ul>\n<p>Les finitions sont impeccables, chaque d\u00e9tail \u00e9tant pens\u00e9 avec soin pour garantir un accessoire \u00e0 la fois chic et pratique.<\/p>\n<p>Bihan est la parfaite alliance de l&rsquo;\u00e9l\u00e9gance et de la fonctionnalit\u00e9, con\u00e7ue pour celles qui recherchent un <strong>sac de soir\u00e9e<\/strong> sophistiqu\u00e9 et pratique \u00e0 la fois.<\/p>\n<h4>Vous cherchez une couleur particuli\u00e8re\u00a0?<\/h4>\n<p><a href=\"https:\/\/albaicin.fr\/index.php\/creations-marches\/\">Contactez-moi<\/a> en remplissant le formulaire. En bas de cette page, abonnez-vous afin de recevoir la Newsletter\u00a0 et b\u00e9n\u00e9ficier des promotions !<\/p>\n<h4>Livraison soign\u00e9e<\/h4>\n<p>Chaque pochette est livr\u00e9e dans un pochon en coton sigl\u00e9 et lavable, parfait pour le rangement ou le transport.<\/p>\n<h4>Note importante<\/h4>\n<p>Malgr\u00e9 le soin apport\u00e9 aux prises de vue, on peut constater une l\u00e9g\u00e8re diff\u00e9rence entre la couleur r\u00e9elle du cuir et son rendu num\u00e9rique.<\/p>\n<p>&nbsp;<\/p>\n<p>Conception et montage complet r\u00e9alis\u00e9s dans <a href=\"https:\/\/g.co\/kgs\/5F8KUMY\">mon atelier de Plomeur (29120)<\/a><\/p>\n<p><a href=\"https:\/\/albaicin.fr\/index.php\/conditions-generales-vente\/\">Consulter les CGV<\/a><\/p>\n<p><a href=\"https:\/\/albaicin.fr\/index.php\/albaicin-creations-artisanales-maroquinerie-atelier-cuir-pochettes-sacs-artisan-mode\/\">O\u00f9 trouver mes cr\u00e9ations en Finist\u00e8re sud ?<\/a><\/p>\n","protected":false},"excerpt":{"rendered":"<p>Id\u00e9ale pour les soir\u00e9es mais pas seulement,<\/p>\n<p>Bihan est une adorable pochette l\u00e9g\u00e8re et pratique.<\/p>\n<p><span style=\"color: #ffffff;\">[hr style=\"line\" size=\"1px\"]<\/span>&hellip; <a class=\"kt-excerpt-readmore\" href=\"https:\/\/albaicin.fr\/index.php\/produit\/soiree\/\" aria-label=\"Bihan\">Lire plus<\/a><\/p>\n","protected":false},"featured_media":11216,"comment_status":"open","ping_status":"closed","template":"","meta":[],"product_brand":[],"product_cat":[29,125,136],"product_tag":[215,183,214,213,170,172],"class_list":{"0":"post-11183","1":"product","2":"type-product","3":"status-publish","4":"has-post-thumbnail","6":"product_cat-mode","7":"product_cat-creations","8":"product_cat-pleine-fleur","9":"product_tag-argent","10":"product_tag-banane","11":"product_tag-dore","12":"product_tag-nubuck","13":"product_tag-pochette","14":"product_tag-soiree","16":"first","17":"instock","18":"shipping-taxable","19":"purchasable","20":"product-type-variable","21":"has-default-attributes"},"yoast_head":"<!-- This site is optimized with the Yoast SEO plugin v27.2 - https:\/\/yoast.com\/product\/yoast-seo-wordpress\/ -->\n<title>Une adorable pochette de soir\u00e9e<\/title>\n<meta name=\"description\" content=\"Pour une soir\u00e9e, une sortie ou toute occasion de compl\u00e9ter sa tenue avec un accessoire chic et pratique, Bihan vous accompagnera selon votre humeur du jour.\" \/>\n<meta name=\"robots\" content=\"index, follow, max-snippet:-1, max-image-preview:large, max-video-preview:-1\" \/>\n<link rel=\"canonical\" href=\"https:\/\/albaicin.fr\/index.php\/produit\/soiree\/\" \/>\n<meta property=\"og:locale\" content=\"fr_FR\" \/>\n<meta property=\"og:type\" content=\"article\" \/>\n<meta property=\"og:title\" content=\"Une adorable pochette de soir\u00e9e\" \/>\n<meta property=\"og:description\" content=\"Pour une soir\u00e9e, une sortie ou toute occasion de compl\u00e9ter sa tenue avec un accessoire chic et pratique, Bihan vous accompagnera selon votre humeur du jour.\" \/>\n<meta property=\"og:url\" content=\"https:\/\/albaicin.fr\/index.php\/produit\/soiree\/\" \/>\n<meta property=\"og:site_name\" content=\"albaicin\" \/>\n<meta property=\"article:modified_time\" content=\"2024-12-11T19:41:30+00:00\" \/>\n<meta property=\"og:image\" content=\"https:\/\/albaicin.fr\/wp-content\/uploads\/2024\/12\/Bihan-Groupes-1.jpg\" \/>\n\t<meta property=\"og:image:width\" content=\"800\" \/>\n\t<meta property=\"og:image:height\" content=\"800\" \/>\n\t<meta property=\"og:image:type\" content=\"image\/jpeg\" \/>\n<meta name=\"twitter:card\" content=\"summary_large_image\" \/>\n<meta name=\"twitter:label1\" content=\"Dur\u00e9e de lecture estim\u00e9e\" \/>\n\t<meta name=\"twitter:data1\" content=\"2 minutes\" \/>\n<script type=\"application\/ld+json\" class=\"yoast-schema-graph\">{\"@context\":\"https:\/\/schema.org\",\"@graph\":[{\"@type\":\"WebPage\",\"@id\":\"https:\/\/albaicin.fr\/index.php\/produit\/soiree\/\",\"url\":\"https:\/\/albaicin.fr\/index.php\/produit\/soiree\/\",\"name\":\"Une adorable pochette de soir\u00e9e\",\"isPartOf\":{\"@id\":\"https:\/\/albaicin.fr\/#website\"},\"primaryImageOfPage\":{\"@id\":\"https:\/\/albaicin.fr\/index.php\/produit\/soiree\/#primaryimage\"},\"image\":{\"@id\":\"https:\/\/albaicin.fr\/index.php\/produit\/soiree\/#primaryimage\"},\"thumbnailUrl\":\"https:\/\/albaicin.fr\/wp-content\/uploads\/2024\/12\/Bihan-Groupes-1.jpg\",\"datePublished\":\"2024-12-03T13:00:39+00:00\",\"dateModified\":\"2024-12-11T19:41:30+00:00\",\"description\":\"Pour une soir\u00e9e, une sortie ou toute occasion de compl\u00e9ter sa tenue avec un accessoire chic et pratique, Bihan vous accompagnera selon votre humeur du jour.\",\"breadcrumb\":{\"@id\":\"https:\/\/albaicin.fr\/index.php\/produit\/soiree\/#breadcrumb\"},\"inLanguage\":\"fr-FR\",\"potentialAction\":[{\"@type\":\"ReadAction\",\"target\":[\"https:\/\/albaicin.fr\/index.php\/produit\/soiree\/\"]}]},{\"@type\":\"ImageObject\",\"inLanguage\":\"fr-FR\",\"@id\":\"https:\/\/albaicin.fr\/index.php\/produit\/soiree\/#primaryimage\",\"url\":\"https:\/\/albaicin.fr\/wp-content\/uploads\/2024\/12\/Bihan-Groupes-1.jpg\",\"contentUrl\":\"https:\/\/albaicin.fr\/wp-content\/uploads\/2024\/12\/Bihan-Groupes-1.jpg\",\"width\":800,\"height\":800},{\"@type\":\"BreadcrumbList\",\"@id\":\"https:\/\/albaicin.fr\/index.php\/produit\/soiree\/#breadcrumb\",\"itemListElement\":[{\"@type\":\"ListItem\",\"position\":1,\"name\":\"Accueil\",\"item\":\"https:\/\/albaicin.fr\/\"},{\"@type\":\"ListItem\",\"position\":2,\"name\":\"Boutique albaicin\",\"item\":\"https:\/\/albaicin.fr\/index.php\/boutique-albaicin\/\"},{\"@type\":\"ListItem\",\"position\":3,\"name\":\"Bihan\"}]},{\"@type\":\"WebSite\",\"@id\":\"https:\/\/albaicin.fr\/#website\",\"url\":\"https:\/\/albaicin.fr\/\",\"name\":\"albaicin\",\"description\":\"Un site utilisant WordPress\",\"potentialAction\":[{\"@type\":\"SearchAction\",\"target\":{\"@type\":\"EntryPoint\",\"urlTemplate\":\"https:\/\/albaicin.fr\/?s={search_term_string}\"},\"query-input\":{\"@type\":\"PropertyValueSpecification\",\"valueRequired\":true,\"valueName\":\"search_term_string\"}}],\"inLanguage\":\"fr-FR\"}]}<\/script>\n<!-- \/ Yoast SEO plugin. -->","yoast_head_json":{"title":"Une adorable pochette de soir\u00e9e","description":"Pour une soir\u00e9e, une sortie ou toute occasion de compl\u00e9ter sa tenue avec un accessoire chic et pratique, Bihan vous accompagnera selon votre humeur du jour.","robots":{"index":"index","follow":"follow","max-snippet":"max-snippet:-1","max-image-preview":"max-image-preview:large","max-video-preview":"max-video-preview:-1"},"canonical":"https:\/\/albaicin.fr\/index.php\/produit\/soiree\/","og_locale":"fr_FR","og_type":"article","og_title":"Une adorable pochette de soir\u00e9e","og_description":"Pour une soir\u00e9e, une sortie ou toute occasion de compl\u00e9ter sa tenue avec un accessoire chic et pratique, Bihan vous accompagnera selon votre humeur du jour.","og_url":"https:\/\/albaicin.fr\/index.php\/produit\/soiree\/","og_site_name":"albaicin","article_modified_time":"2024-12-11T19:41:30+00:00","og_image":[{"width":800,"height":800,"url":"https:\/\/albaicin.fr\/wp-content\/uploads\/2024\/12\/Bihan-Groupes-1.jpg","type":"image\/jpeg"}],"twitter_card":"summary_large_image","twitter_misc":{"Dur\u00e9e de lecture estim\u00e9e":"2 minutes"},"schema":{"@context":"https:\/\/schema.org","@graph":[{"@type":"WebPage","@id":"https:\/\/albaicin.fr\/index.php\/produit\/soiree\/","url":"https:\/\/albaicin.fr\/index.php\/produit\/soiree\/","name":"Une adorable pochette de soir\u00e9e","isPartOf":{"@id":"https:\/\/albaicin.fr\/#website"},"primaryImageOfPage":{"@id":"https:\/\/albaicin.fr\/index.php\/produit\/soiree\/#primaryimage"},"image":{"@id":"https:\/\/albaicin.fr\/index.php\/produit\/soiree\/#primaryimage"},"thumbnailUrl":"https:\/\/albaicin.fr\/wp-content\/uploads\/2024\/12\/Bihan-Groupes-1.jpg","datePublished":"2024-12-03T13:00:39+00:00","dateModified":"2024-12-11T19:41:30+00:00","description":"Pour une soir\u00e9e, une sortie ou toute occasion de compl\u00e9ter sa tenue avec un accessoire chic et pratique, Bihan vous accompagnera selon votre humeur du jour.","breadcrumb":{"@id":"https:\/\/albaicin.fr\/index.php\/produit\/soiree\/#breadcrumb"},"inLanguage":"fr-FR","potentialAction":[{"@type":"ReadAction","target":["https:\/\/albaicin.fr\/index.php\/produit\/soiree\/"]}]},{"@type":"ImageObject","inLanguage":"fr-FR","@id":"https:\/\/albaicin.fr\/index.php\/produit\/soiree\/#primaryimage","url":"https:\/\/albaicin.fr\/wp-content\/uploads\/2024\/12\/Bihan-Groupes-1.jpg","contentUrl":"https:\/\/albaicin.fr\/wp-content\/uploads\/2024\/12\/Bihan-Groupes-1.jpg","width":800,"height":800},{"@type":"BreadcrumbList","@id":"https:\/\/albaicin.fr\/index.php\/produit\/soiree\/#breadcrumb","itemListElement":[{"@type":"ListItem","position":1,"name":"Accueil","item":"https:\/\/albaicin.fr\/"},{"@type":"ListItem","position":2,"name":"Boutique albaicin","item":"https:\/\/albaicin.fr\/index.php\/boutique-albaicin\/"},{"@type":"ListItem","position":3,"name":"Bihan"}]},{"@type":"WebSite","@id":"https:\/\/albaicin.fr\/#website","url":"https:\/\/albaicin.fr\/","name":"albaicin","description":"Un site utilisant WordPress","potentialAction":[{"@type":"SearchAction","target":{"@type":"EntryPoint","urlTemplate":"https:\/\/albaicin.fr\/?s={search_term_string}"},"query-input":{"@type":"PropertyValueSpecification","valueRequired":true,"valueName":"search_term_string"}}],"inLanguage":"fr-FR"}]}},"_links":{"self":[{"href":"https:\/\/albaicin.fr\/index.php\/wp-json\/wp\/v2\/product\/11183","targetHints":{"allow":["GET"]}}],"collection":[{"href":"https:\/\/albaicin.fr\/index.php\/wp-json\/wp\/v2\/product"}],"about":[{"href":"https:\/\/albaicin.fr\/index.php\/wp-json\/wp\/v2\/types\/product"}],"replies":[{"embeddable":true,"href":"https:\/\/albaicin.fr\/index.php\/wp-json\/wp\/v2\/comments?post=11183"}],"wp:featuredmedia":[{"embeddable":true,"href":"https:\/\/albaicin.fr\/index.php\/wp-json\/wp\/v2\/media\/11216"}],"wp:attachment":[{"href":"https:\/\/albaicin.fr\/index.php\/wp-json\/wp\/v2\/media?parent=11183"}],"wp:term":[{"taxonomy":"product_brand","embeddable":true,"href":"https:\/\/albaicin.fr\/index.php\/wp-json\/wp\/v2\/product_brand?post=11183"},{"taxonomy":"product_cat","embeddable":true,"href":"https:\/\/albaicin.fr\/index.php\/wp-json\/wp\/v2\/product_cat?post=11183"},{"taxonomy":"product_tag","embeddable":true,"href":"https:\/\/albaicin.fr\/index.php\/wp-json\/wp\/v2\/product_tag?post=11183"}],"curies":[{"name":"wp","href":"https:\/\/api.w.org\/{rel}","templated":true}]}}