{"id":11219,"date":"2024-12-03T16:31:46","date_gmt":"2024-12-03T15:31:46","guid":{"rendered":"https:\/\/albaicin.fr\/?post_type=product&#038;p=11219"},"modified":"2026-04-15T08:56:17","modified_gmt":"2026-04-15T06:56:17","slug":"petite-sacoche-mixte","status":"publish","type":"product","link":"https:\/\/albaicin.fr\/index.php\/produit\/petite-sacoche-mixte\/","title":{"rendered":"Petite Sacoche Mixte"},"content":{"rendered":"<p>&nbsp;<\/p>\n<h3>Petite sacoche mixte \u2013 \u00c9l\u00e9gante et fonctionnelle<\/h3>\n<p>D\u00e9couvrez cette Petite Sacoche Mixte. La \u00ab\u00a0PSM\u00a0\u00bb est un accessoire intemporel con\u00e7u pour s&rsquo;adapter \u00e0 tous les styles et tous les genres. Pratique et polyvalente, elle peut se porter aussi bien en bandouli\u00e8re qu&rsquo;\u00e0 la ceinture, offrant ainsi un confort optimal pour une utilisation quotidienne.<\/p>\n<h4>Caract\u00e9ristiques principales :<\/h4>\n<ul>\n<li>Compartiments astucieux : une poche principale spacieuse, une poche plaqu\u00e9e int\u00e9rieure et une poche arri\u00e8re ferm\u00e9e par une pression.<\/li>\n<li>Fermeture s\u00e9curis\u00e9e : \u00e9quip\u00e9e d\u2019un fermoir Loxx, elle garantit une s\u00e9curit\u00e9 maximale contre les ouvertures accidentelles.<\/li>\n<li>Dimensions id\u00e9ales : 14 cm (largeur) x 20 cm (hauteur) x 5 cm (profondeur), parfait pour emporter vos essentiels sans encombrement.<\/li>\n<li>Mat\u00e9riaux de qualit\u00e9 : r\u00e9alis\u00e9e en cuir de veau ou de taurillon pleine fleur, reconnu pour sa souplesse et sa durabilit\u00e9.<\/li>\n<\/ul>\n<h4>Personnalisation sur mesure :<\/h4>\n<p>Disponible dans une large gamme de coloris, cette sacoche peut \u00eatre command\u00e9e dans les teintes de votre choix, pour devenir l&rsquo;accessoire qui vous ressemble.<\/p>\n<p>La sacoche est dot\u00e9e d\u2019une\u00a0<strong>bandouli\u00e8re en sangle textile r\u00e9glable<\/strong>, offrant un confort optimal et permettant plusieurs styles de port :<\/p>\n<ul>\n<li>En bandouli\u00e8re longue\u00a0ou\u00a0\u00e0 l\u2019\u00e9paule\u00a0pour un look d\u00e9contract\u00e9 chic,<\/li>\n<li>\u00c0 la ceinture, si besoin.<\/li>\n<\/ul>\n<h4>D\u00e9tails soign\u00e9s et personnalisation<\/h4>\n<p>Les boucles et accessoires de bouclerie, fabriqu\u00e9s en Italie, ajoutent une touche de raffinement suppl\u00e9mentaire. La Petite Sacoche Mixte peut \u00e9galement \u00eatre assortie \u00e0 d&rsquo;autres articles de petite maroquinerie comme des portefeuilles, porte-monnaie ou \u00e9tuis \u00e0 lunettes, et il est disponible dans un large choix de couleurs et de textures.<\/p>\n<p>La sacoche id\u00e9ale pour une journ\u00e9e en ville, une promenade ou m\u00eame un voyage l\u00e9ger. Ce petit compagnon combine avec \u00e9l\u00e9gance style et fonctionnalit\u00e9.<\/p>\n<p>Le confort et polyvalence au rendez-vous !<\/p>\n<h4>Vous cherchez une couleur particuli\u00e8re ?<\/h4>\n<p><a href=\"https:\/\/albaicin.fr\/index.php\/creations-marches\/\">Contactez-moi<\/a> en remplissant le formulaire. En bas de cette page, abonnez-vous afin de recevoir la Newsletter\u00a0 et b\u00e9n\u00e9ficier des promotions !<\/p>\n<h4>Livraison soign\u00e9e<\/h4>\n<p>Chaque sacoche est livr\u00e9e dans un pochon en coton sigl\u00e9 et lavable, parfait pour le rangement ou le transport.<\/p>\n<h4>Note importante<\/h4>\n<p>Malgr\u00e9 le soin apport\u00e9 aux prises de vue, on peut constater une l\u00e9g\u00e8re diff\u00e9rence entre la couleur r\u00e9elle du cuir et son rendu num\u00e9rique.<\/p>\n<p>&nbsp;<\/p>\n<p>Conception et montage complet r\u00e9alis\u00e9s dans <a href=\"https:\/\/g.co\/kgs\/5F8KUMY\">mon atelier de Plomeur (29120)<\/a><\/p>\n<p><a href=\"https:\/\/albaicin.fr\/index.php\/conditions-generales-vente\/\">Consulter les CGV<\/a><\/p>\n<p><a href=\"https:\/\/albaicin.fr\/index.php\/albaicin-creations-artisanales-maroquinerie-atelier-cuir-pochettes-sacs-artisan-mode\/\">O\u00f9 trouver mes cr\u00e9ations en Finist\u00e8re sud ?<\/a><\/p>\n","protected":false},"excerpt":{"rendered":"<p>La PSM (Petite Sacoche Mixte) pour tous.<\/p>\n<p>Bicolore, et pratique avec son fermoir s\u00e9curis\u00e9 Loxx<\/p>\n<p><span style=\"color: #ffffff;\">[hr style=\"line\" size=\"1px\"]<\/span>&hellip; <a class=\"kt-excerpt-readmore\" href=\"https:\/\/albaicin.fr\/index.php\/produit\/petite-sacoche-mixte\/\" aria-label=\"Petite Sacoche Mixte\">Lire plus<\/a><\/p>\n","protected":false},"featured_media":11235,"comment_status":"open","ping_status":"closed","template":"","meta":[],"product_brand":[],"product_cat":[125,136],"product_tag":[133,132,226,227,134],"class_list":{"0":"post-11219","1":"product","2":"type-product","3":"status-publish","4":"has-post-thumbnail","6":"product_cat-creations","7":"product_cat-pleine-fleur","8":"product_tag-bandouliere","9":"product_tag-fermoir","10":"product_tag-loxx","11":"product_tag-poches","12":"product_tag-sacoche","14":"first","15":"instock","16":"shipping-taxable","17":"purchasable","18":"product-type-variable"},"yoast_head":"<!-- This site is optimized with the Yoast SEO plugin v27.4 - https:\/\/yoast.com\/product\/yoast-seo-wordpress\/ -->\n<title>Petite Sacoche Mixte - albaicin<\/title>\n<meta name=\"description\" content=\"Une \u00e9l\u00e9gante sacoche pour toutes et tous. Pratique et discr\u00e8te, ses nombreuses poches vous permettrons de ranger et retrouver facilement vos papiers.\" \/>\n<meta name=\"robots\" content=\"index, follow, max-snippet:-1, max-image-preview:large, max-video-preview:-1\" \/>\n<link rel=\"canonical\" href=\"https:\/\/albaicin.fr\/index.php\/produit\/petite-sacoche-mixte\/\" \/>\n<meta property=\"og:locale\" content=\"fr_FR\" \/>\n<meta property=\"og:type\" content=\"article\" \/>\n<meta property=\"og:title\" content=\"Petite Sacoche Mixte - albaicin\" \/>\n<meta property=\"og:description\" content=\"Une \u00e9l\u00e9gante sacoche pour toutes et tous. Pratique et discr\u00e8te, ses nombreuses poches vous permettrons de ranger et retrouver facilement vos papiers.\" \/>\n<meta property=\"og:url\" content=\"https:\/\/albaicin.fr\/index.php\/produit\/petite-sacoche-mixte\/\" \/>\n<meta property=\"og:site_name\" content=\"albaicin\" \/>\n<meta property=\"article:modified_time\" content=\"2026-04-15T06:56:17+00:00\" \/>\n<meta property=\"og:image\" content=\"https:\/\/albaicin.fr\/wp-content\/uploads\/2024\/12\/PSM_Groupes1-Reduit.jpg\" \/>\n\t<meta property=\"og:image:width\" content=\"800\" \/>\n\t<meta property=\"og:image:height\" content=\"800\" \/>\n\t<meta property=\"og:image:type\" content=\"image\/jpeg\" \/>\n<meta name=\"twitter:card\" content=\"summary_large_image\" \/>\n<meta name=\"twitter:label1\" content=\"Dur\u00e9e de lecture estim\u00e9e\" \/>\n\t<meta name=\"twitter:data1\" content=\"2 minutes\" \/>\n<script type=\"application\/ld+json\" class=\"yoast-schema-graph\">{\"@context\":\"https:\\\/\\\/schema.org\",\"@graph\":[{\"@type\":\"WebPage\",\"@id\":\"https:\\\/\\\/albaicin.fr\\\/index.php\\\/produit\\\/petite-sacoche-mixte\\\/\",\"url\":\"https:\\\/\\\/albaicin.fr\\\/index.php\\\/produit\\\/petite-sacoche-mixte\\\/\",\"name\":\"Petite Sacoche Mixte - albaicin\",\"isPartOf\":{\"@id\":\"https:\\\/\\\/albaicin.fr\\\/#website\"},\"primaryImageOfPage\":{\"@id\":\"https:\\\/\\\/albaicin.fr\\\/index.php\\\/produit\\\/petite-sacoche-mixte\\\/#primaryimage\"},\"image\":{\"@id\":\"https:\\\/\\\/albaicin.fr\\\/index.php\\\/produit\\\/petite-sacoche-mixte\\\/#primaryimage\"},\"thumbnailUrl\":\"https:\\\/\\\/albaicin.fr\\\/wp-content\\\/uploads\\\/2024\\\/12\\\/PSM_Groupes1-Reduit.jpg\",\"datePublished\":\"2024-12-03T15:31:46+00:00\",\"dateModified\":\"2026-04-15T06:56:17+00:00\",\"description\":\"Une \u00e9l\u00e9gante sacoche pour toutes et tous. Pratique et discr\u00e8te, ses nombreuses poches vous permettrons de ranger et retrouver facilement vos papiers.\",\"breadcrumb\":{\"@id\":\"https:\\\/\\\/albaicin.fr\\\/index.php\\\/produit\\\/petite-sacoche-mixte\\\/#breadcrumb\"},\"inLanguage\":\"fr-FR\",\"potentialAction\":[{\"@type\":\"ReadAction\",\"target\":[\"https:\\\/\\\/albaicin.fr\\\/index.php\\\/produit\\\/petite-sacoche-mixte\\\/\"]}]},{\"@type\":\"ImageObject\",\"inLanguage\":\"fr-FR\",\"@id\":\"https:\\\/\\\/albaicin.fr\\\/index.php\\\/produit\\\/petite-sacoche-mixte\\\/#primaryimage\",\"url\":\"https:\\\/\\\/albaicin.fr\\\/wp-content\\\/uploads\\\/2024\\\/12\\\/PSM_Groupes1-Reduit.jpg\",\"contentUrl\":\"https:\\\/\\\/albaicin.fr\\\/wp-content\\\/uploads\\\/2024\\\/12\\\/PSM_Groupes1-Reduit.jpg\",\"width\":800,\"height\":800,\"caption\":\"sacoche\"},{\"@type\":\"BreadcrumbList\",\"@id\":\"https:\\\/\\\/albaicin.fr\\\/index.php\\\/produit\\\/petite-sacoche-mixte\\\/#breadcrumb\",\"itemListElement\":[{\"@type\":\"ListItem\",\"position\":1,\"name\":\"Accueil\",\"item\":\"https:\\\/\\\/albaicin.fr\\\/\"},{\"@type\":\"ListItem\",\"position\":2,\"name\":\"Boutique albaicin\",\"item\":\"https:\\\/\\\/albaicin.fr\\\/index.php\\\/boutique-albaicin\\\/\"},{\"@type\":\"ListItem\",\"position\":3,\"name\":\"Petite Sacoche Mixte\"}]},{\"@type\":\"WebSite\",\"@id\":\"https:\\\/\\\/albaicin.fr\\\/#website\",\"url\":\"https:\\\/\\\/albaicin.fr\\\/\",\"name\":\"albaicin\",\"description\":\"Un site utilisant WordPress\",\"potentialAction\":[{\"@type\":\"SearchAction\",\"target\":{\"@type\":\"EntryPoint\",\"urlTemplate\":\"https:\\\/\\\/albaicin.fr\\\/?s={search_term_string}\"},\"query-input\":{\"@type\":\"PropertyValueSpecification\",\"valueRequired\":true,\"valueName\":\"search_term_string\"}}],\"inLanguage\":\"fr-FR\"}]}<\/script>\n<!-- \/ Yoast SEO plugin. -->","yoast_head_json":{"title":"Petite Sacoche Mixte - albaicin","description":"Une \u00e9l\u00e9gante sacoche pour toutes et tous. Pratique et discr\u00e8te, ses nombreuses poches vous permettrons de ranger et retrouver facilement vos papiers.","robots":{"index":"index","follow":"follow","max-snippet":"max-snippet:-1","max-image-preview":"max-image-preview:large","max-video-preview":"max-video-preview:-1"},"canonical":"https:\/\/albaicin.fr\/index.php\/produit\/petite-sacoche-mixte\/","og_locale":"fr_FR","og_type":"article","og_title":"Petite Sacoche Mixte - albaicin","og_description":"Une \u00e9l\u00e9gante sacoche pour toutes et tous. Pratique et discr\u00e8te, ses nombreuses poches vous permettrons de ranger et retrouver facilement vos papiers.","og_url":"https:\/\/albaicin.fr\/index.php\/produit\/petite-sacoche-mixte\/","og_site_name":"albaicin","article_modified_time":"2026-04-15T06:56:17+00:00","og_image":[{"width":800,"height":800,"url":"https:\/\/albaicin.fr\/wp-content\/uploads\/2024\/12\/PSM_Groupes1-Reduit.jpg","type":"image\/jpeg"}],"twitter_card":"summary_large_image","twitter_misc":{"Dur\u00e9e de lecture estim\u00e9e":"2 minutes"},"schema":{"@context":"https:\/\/schema.org","@graph":[{"@type":"WebPage","@id":"https:\/\/albaicin.fr\/index.php\/produit\/petite-sacoche-mixte\/","url":"https:\/\/albaicin.fr\/index.php\/produit\/petite-sacoche-mixte\/","name":"Petite Sacoche Mixte - albaicin","isPartOf":{"@id":"https:\/\/albaicin.fr\/#website"},"primaryImageOfPage":{"@id":"https:\/\/albaicin.fr\/index.php\/produit\/petite-sacoche-mixte\/#primaryimage"},"image":{"@id":"https:\/\/albaicin.fr\/index.php\/produit\/petite-sacoche-mixte\/#primaryimage"},"thumbnailUrl":"https:\/\/albaicin.fr\/wp-content\/uploads\/2024\/12\/PSM_Groupes1-Reduit.jpg","datePublished":"2024-12-03T15:31:46+00:00","dateModified":"2026-04-15T06:56:17+00:00","description":"Une \u00e9l\u00e9gante sacoche pour toutes et tous. Pratique et discr\u00e8te, ses nombreuses poches vous permettrons de ranger et retrouver facilement vos papiers.","breadcrumb":{"@id":"https:\/\/albaicin.fr\/index.php\/produit\/petite-sacoche-mixte\/#breadcrumb"},"inLanguage":"fr-FR","potentialAction":[{"@type":"ReadAction","target":["https:\/\/albaicin.fr\/index.php\/produit\/petite-sacoche-mixte\/"]}]},{"@type":"ImageObject","inLanguage":"fr-FR","@id":"https:\/\/albaicin.fr\/index.php\/produit\/petite-sacoche-mixte\/#primaryimage","url":"https:\/\/albaicin.fr\/wp-content\/uploads\/2024\/12\/PSM_Groupes1-Reduit.jpg","contentUrl":"https:\/\/albaicin.fr\/wp-content\/uploads\/2024\/12\/PSM_Groupes1-Reduit.jpg","width":800,"height":800,"caption":"sacoche"},{"@type":"BreadcrumbList","@id":"https:\/\/albaicin.fr\/index.php\/produit\/petite-sacoche-mixte\/#breadcrumb","itemListElement":[{"@type":"ListItem","position":1,"name":"Accueil","item":"https:\/\/albaicin.fr\/"},{"@type":"ListItem","position":2,"name":"Boutique albaicin","item":"https:\/\/albaicin.fr\/index.php\/boutique-albaicin\/"},{"@type":"ListItem","position":3,"name":"Petite Sacoche Mixte"}]},{"@type":"WebSite","@id":"https:\/\/albaicin.fr\/#website","url":"https:\/\/albaicin.fr\/","name":"albaicin","description":"Un site utilisant WordPress","potentialAction":[{"@type":"SearchAction","target":{"@type":"EntryPoint","urlTemplate":"https:\/\/albaicin.fr\/?s={search_term_string}"},"query-input":{"@type":"PropertyValueSpecification","valueRequired":true,"valueName":"search_term_string"}}],"inLanguage":"fr-FR"}]}},"_links":{"self":[{"href":"https:\/\/albaicin.fr\/index.php\/wp-json\/wp\/v2\/product\/11219","targetHints":{"allow":["GET"]}}],"collection":[{"href":"https:\/\/albaicin.fr\/index.php\/wp-json\/wp\/v2\/product"}],"about":[{"href":"https:\/\/albaicin.fr\/index.php\/wp-json\/wp\/v2\/types\/product"}],"replies":[{"embeddable":true,"href":"https:\/\/albaicin.fr\/index.php\/wp-json\/wp\/v2\/comments?post=11219"}],"wp:featuredmedia":[{"embeddable":true,"href":"https:\/\/albaicin.fr\/index.php\/wp-json\/wp\/v2\/media\/11235"}],"wp:attachment":[{"href":"https:\/\/albaicin.fr\/index.php\/wp-json\/wp\/v2\/media?parent=11219"}],"wp:term":[{"taxonomy":"product_brand","embeddable":true,"href":"https:\/\/albaicin.fr\/index.php\/wp-json\/wp\/v2\/product_brand?post=11219"},{"taxonomy":"product_cat","embeddable":true,"href":"https:\/\/albaicin.fr\/index.php\/wp-json\/wp\/v2\/product_cat?post=11219"},{"taxonomy":"product_tag","embeddable":true,"href":"https:\/\/albaicin.fr\/index.php\/wp-json\/wp\/v2\/product_tag?post=11219"}],"curies":[{"name":"wp","href":"https:\/\/api.w.org\/{rel}","templated":true}]}}